{"id":14400,"date":"2025-03-13T15:41:34","date_gmt":"2025-03-13T14:41:34","guid":{"rendered":"https:\/\/n365group.com\/?page_id=14400"},"modified":"2025-03-27T13:56:16","modified_gmt":"2025-03-27T12:56:16","slug":"after-work-n365-x-meta-i-kobenhavn","status":"publish","type":"page","link":"https:\/\/n365group.com\/dk\/after-work-n365-x-meta-i-kobenhavn\/","title":{"rendered":"After Work: N365 x Meta i K\u00f8benhavn"},"content":{"rendered":"<div id=\"fws_69d5c7ec63912\"  data-midnight=\"light\" data-top-percent=\"5%\" data-bottom-percent=\"7%\"  data-bg-mobile-hidden=\"\" class=\"wpb_row vc_row-fluid vc_row top-level full-width-section standard_section\"  style=\"padding-top: calc(100vw * 0.05); padding-bottom: calc(100vw * 0.07); \"><div class=\"row-bg-wrap\"><div class=\"inner-wrap\"><div class=\"row-bg  using-bg-color\"  style=\"background-color: #ffffff; \"><\/div><\/div><div class=\"row-bg-overlay\" style=\"background-color:#201eaf;  opacity: 1; \"><\/div><\/div><div class=\"nectar-shape-divider-wrap no-color\" style=\" height:50px;\"  data-front=\"\" data-style=\"speech\" data-position=\"bottom\" ><svg class=\"nectar-shape-divider\" fill=\"\" xmlns=\"http:\/\/www.w3.org\/2000\/svg\" viewbox=\"0 0 1000 100\" preserveaspectratio=\"none\"> <path d=\"M 0 45.86 h 458 c 29 0 42 19.27 42 19.27 s 13 -19.27 42.74 -19.27 h 457.26 v 54.14 h -1000 z\"><\/path>  <\/svg><\/div><div class=\"col span_12 light left\">\n\t<div  class=\"vc_col-sm-12 wpb_column column_container vc_column_container col no-extra-padding\"  data-t-w-inherits=\"default\" data-border-radius=\"none\" data-shadow=\"none\" data-border-animation=\"\" data-border-animation-delay=\"\" data-border-width=\"none\" data-border-style=\"solid\" data-border-color=\"\" data-bg-cover=\"\" data-padding-pos=\"all\" data-has-bg-color=\"false\" data-bg-color=\"\" data-bg-opacity=\"1\" data-hover-bg=\"\" data-hover-bg-opacity=\"1\" data-animation=\"\" data-delay=\"0\"><div class=\"column-bg-overlay\"><\/div>\n\t\t<div class=\"vc_column-inner\">\n\t\t\t<div class=\"wpb_wrapper\">\n\t\t\t\t<h1 style=\"font-size: 60px;color: #ffffff;text-align: center\" class=\"vc_custom_heading\" >After Work med N365 og Meta<\/h1>\n\t\t\t<\/div> \n\t\t<\/div>\n\t<\/div> \n<\/div><\/div>\n\t\t<div id=\"fws_69d5c7ec63e17\"  data-midnight=\"dark\"  data-bg-mobile-hidden=\"\" class=\"wpb_row vc_row-fluid vc_row standard_section\"  style=\"padding-top: 10px; padding-bottom: 10px; \"><div class=\"row-bg-wrap\"><div class=\"inner-wrap\"><div class=\"row-bg\"  style=\"\"><\/div><\/div><div class=\"row-bg-overlay\" ><\/div><\/div><div class=\"col span_12 dark left\">\n\t<div  class=\"vc_col-sm-6 wpb_column column_container vc_column_container col no-extra-padding\"  data-t-w-inherits=\"default\" data-border-radius=\"none\" data-shadow=\"none\" data-border-animation=\"\" data-border-animation-delay=\"\" data-border-width=\"none\" data-border-style=\"solid\" data-border-color=\"\" data-bg-cover=\"\" data-padding-pos=\"all\" data-has-bg-color=\"false\" data-bg-color=\"\" data-bg-opacity=\"1\" data-hover-bg=\"\" data-hover-bg-opacity=\"1\" data-animation=\"\" data-delay=\"0\"><div class=\"column-bg-overlay\"><\/div>\n\t\t<div class=\"vc_column-inner\">\n\t\t\t<div class=\"wpb_wrapper\">\n\t\t\t\t\r\n\t<div class=\"wpb_text_column wpb_content_element\" >\r\n\t\t<div class=\"wpb_wrapper\">\r\n\t\t\t<h2 class=\"p1\">N365 Live Session:<br \/>\nS\u00e5dan \u00f8ger du dine resultater p\u00e5 Meta i 2025<\/h2>\n<p data-start=\"0\" data-end=\"103\"><strong data-start=\"0\" data-end=\"101\">Sammen med Meta har vi hos N365 \u00e6ren af at invitere dig til After Work p\u00e5 <span class=\"OYPEnA font-feature-liga-off font-feature-clig-off font-feature-calt-off text-decoration-none text-strikethrough-none\">Spaces, Ny Carlsberg Vej 80, 1799 K\u00f8benhavn<\/span> med start kl. 16.00.<\/strong><\/p>\n<p data-start=\"105\" data-end=\"330\">Under eventet dykker vi ned i, hvordan <strong>N365<\/strong> hjalp <a href=\"https:\/\/naturfonden.dk\/\" target=\"_blank\" rel=\"noopener\"><strong data-start=\"144\" data-end=\"168\">Den Danske Naturfond<\/strong><\/a> <span data-teams=\"true\">med at \u00f8ge antallet af <strong>m\u00e5nedlige bidragsydere med 25%<\/strong> gennem datadrevet native advertising p\u00e5 Metas platforme som en del af mediemixet \u2013 og deler learnings om, hvordan <strong>CPA blev reduceret med 50% <\/strong>i kampagnen.<\/span><\/p>\n<p data-start=\"332\" data-end=\"416\"><span data-teams=\"true\"><strong>Meta<\/strong> vil ogs\u00e5 give et overblik over den <strong>generelle tilstand for sociale medier i Danmark<\/strong>, dele <strong>best practices for performance<\/strong> p\u00e5 Meta i 2025 og pr\u00e6sentere <strong>de nyeste v\u00e6rkt\u00f8jer og funktioner<\/strong>.<\/span><\/p>\n<p data-start=\"418\" data-end=\"534\">Vi afslutter med en <strong data-start=\"438\" data-end=\"445\">Q&amp;A<\/strong> sammen med eksperter fra b\u00e5de <strong data-start=\"476\" data-end=\"492\">N365 o<\/strong><strong data-start=\"476\" data-end=\"492\">g Meta<\/strong>. Der vil v\u00e6re forfriskninger og snacks.<\/p>\n<p data-start=\"536\" data-end=\"566\" data-is-last-node=\"\" data-is-only-node=\"\">Vi gl\u00e6der os til at se dig! \ud83d\ude0a<\/p>\n<p class=\"p1\"><b>OBS! Begr\u00e6nset antal pladser \u2013 tilmeld dig med det samme for at sikre din plads:<\/b><\/p>\n<p><iframe loading=\"lazy\" style=\"border: 0;\" src=\"https:\/\/marketing.n365group.com\/l\/1088612\/2025-02-20\/2sp1qq\" width=\"100%\" height=\"1150px\" frameborder=\"0\"><\/iframe><\/p>\n\r\n\t\t<\/div>\r\n\t<\/div>\r\n\n\t\t\t<\/div> \n\t\t<\/div>\n\t<\/div> \n\n\t<div  class=\"vc_col-sm-6 wpb_column column_container vc_column_container col no-extra-padding\"  data-t-w-inherits=\"default\" data-border-radius=\"none\" data-shadow=\"none\" data-border-animation=\"\" data-border-animation-delay=\"\" data-border-width=\"none\" data-border-style=\"solid\" data-border-color=\"\" data-bg-cover=\"\" data-padding-pos=\"all\" data-has-bg-color=\"false\" data-bg-color=\"\" data-bg-opacity=\"1\" data-hover-bg=\"\" data-hover-bg-opacity=\"1\" data-animation=\"\" data-delay=\"0\"><div class=\"column-bg-overlay\"><\/div>\n\t\t<div class=\"vc_column-inner\">\n\t\t\t<div class=\"wpb_wrapper\">\n\t\t\t\t<div class=\"img-with-aniamtion-wrap center\" data-max-width=\"75%\" data-border-radius=\"none\"><div class=\"inner\"><a href=\"https:\/\/n365group.com\/wp-content\/uploads\/2025\/03\/Invite-updated.jpg\" class=\"pp center\"><img loading=\"lazy\" decoding=\"async\" data-shadow=\"none\" data-shadow-direction=\"middle\" class=\"img-with-animation skip-lazy\" data-delay=\"0\" height=\"1350\" width=\"1080\"  data-animation=\"none\" src=\"https:\/\/n365group.com\/wp-content\/uploads\/2025\/03\/Invite-updated.jpg\" srcset=\"https:\/\/n365group.com\/wp-content\/uploads\/2025\/03\/Invite-updated.jpg 1080w, https:\/\/n365group.com\/wp-content\/uploads\/2025\/03\/Invite-updated-240x300.jpg 240w, https:\/\/n365group.com\/wp-content\/uploads\/2025\/03\/Invite-updated-819x1024.jpg 819w, https:\/\/n365group.com\/wp-content\/uploads\/2025\/03\/Invite-updated-768x960.jpg 768w, https:\/\/n365group.com\/wp-content\/uploads\/2025\/03\/Invite-updated-10x12.jpg 10w\" sizes=\"auto, 100vw\" alt=\"\" \/><\/a><\/div><\/div>\n\t\t\t<\/div> \n\t\t<\/div>\n\t<\/div> \n<\/div><\/div>","protected":false},"excerpt":{"rendered":"After Work med N365 og Meta N365 Live Session: S\u00e5dan \u00f8ger du dine resultater p\u00e5 Meta i 2025 Sammen med Meta har vi hos N365 \u00e6ren af at invitere dig...","protected":false},"author":33,"featured_media":0,"parent":0,"menu_order":8,"comment_status":"closed","ping_status":"closed","template":"","meta":{"inline_featured_image":false,"footnotes":""},"class_list":["post-14400","page","type-page","status-publish"],"yoast_head":"<!-- This site is optimized with the Yoast SEO Premium plugin v26.5 (Yoast SEO v27.3) - https:\/\/yoast.com\/product\/yoast-seo-premium-wordpress\/ -->\n<title>After Work: N365 x Meta i K\u00f8benhavn - N365 Group<\/title>\n<meta name=\"description\" content=\"Sammen med Meta har vi hos N365 \u00e6ren af at invitere dig til After Work p\u00e5 Spaces, Ny Carlsberg Vej 80, 1799 K\u00f8benhavn med start kl. 16.00.\" \/>\n<meta name=\"robots\" content=\"index, follow, max-snippet:-1, max-image-preview:large, max-video-preview:-1\" \/>\n<link rel=\"canonical\" href=\"https:\/\/n365group.com\/dk\/after-work-n365-x-meta-i-kobenhavn\/\" \/>\n<meta property=\"og:locale\" content=\"da_DK\" \/>\n<meta property=\"og:type\" content=\"article\" \/>\n<meta property=\"og:title\" content=\"After Work: N365 x Meta i K\u00f8benhavn\" \/>\n<meta property=\"og:description\" content=\"Sammen med Meta har vi hos N365 \u00e6ren af at invitere dig til After Work p\u00e5 Spaces, Ny Carlsberg Vej 80, 1799 K\u00f8benhavn med start kl. 16.00.\" \/>\n<meta property=\"og:url\" content=\"https:\/\/n365group.com\/dk\/after-work-n365-x-meta-i-kobenhavn\/\" \/>\n<meta property=\"og:site_name\" content=\"N365 Group\" \/>\n<meta property=\"article:publisher\" content=\"https:\/\/www.facebook.com\/n365group\/\" \/>\n<meta property=\"article:modified_time\" content=\"2025-03-27T12:56:16+00:00\" \/>\n<meta property=\"og:image\" content=\"https:\/\/n365group.com\/wp-content\/uploads\/2018\/06\/n365_NY_2-1024x538.jpg\" \/>\n\t<meta property=\"og:image:width\" content=\"1024\" \/>\n\t<meta property=\"og:image:height\" content=\"538\" \/>\n\t<meta property=\"og:image:type\" content=\"image\/jpeg\" \/>\n<meta name=\"twitter:card\" content=\"summary_large_image\" \/>\n<script type=\"application\/ld+json\" class=\"yoast-schema-graph\">{\"@context\":\"https:\\\/\\\/schema.org\",\"@graph\":[{\"@type\":\"WebPage\",\"@id\":\"https:\\\/\\\/n365group.com\\\/after-work-n365-x-meta-i-kobenhavn\\\/\",\"url\":\"https:\\\/\\\/n365group.com\\\/after-work-n365-x-meta-i-kobenhavn\\\/\",\"name\":\"After Work: N365 x Meta i K\u00f8benhavn - N365 Group\",\"isPartOf\":{\"@id\":\"https:\\\/\\\/n365group.com\\\/#website\"},\"datePublished\":\"2025-03-13T14:41:34+00:00\",\"dateModified\":\"2025-03-27T12:56:16+00:00\",\"description\":\"Sammen med Meta har vi hos N365 \u00e6ren af at invitere dig til After Work p\u00e5 Spaces, Ny Carlsberg Vej 80, 1799 K\u00f8benhavn med start kl. 16.00.\",\"inLanguage\":\"da-DK\",\"potentialAction\":[{\"@type\":\"ReadAction\",\"target\":[\"https:\\\/\\\/n365group.com\\\/after-work-n365-x-meta-i-kobenhavn\\\/\"]}]},{\"@type\":\"WebSite\",\"@id\":\"https:\\\/\\\/n365group.com\\\/#website\",\"url\":\"https:\\\/\\\/n365group.com\\\/\",\"name\":\"N365 Group\",\"description\":\"\",\"potentialAction\":[{\"@type\":\"SearchAction\",\"target\":{\"@type\":\"EntryPoint\",\"urlTemplate\":\"https:\\\/\\\/n365group.com\\\/?s={search_term_string}\"},\"query-input\":{\"@type\":\"PropertyValueSpecification\",\"valueRequired\":true,\"valueName\":\"search_term_string\"}}],\"inLanguage\":\"da-DK\"}]}<\/script>\n<!-- \/ Yoast SEO Premium plugin. -->","yoast_head_json":{"title":"After Work: N365 x Meta i K\u00f8benhavn - N365 Group","description":"Sammen med Meta har vi hos N365 \u00e6ren af at invitere dig til After Work p\u00e5 Spaces, Ny Carlsberg Vej 80, 1799 K\u00f8benhavn med start kl. 16.00.","robots":{"index":"index","follow":"follow","max-snippet":"max-snippet:-1","max-image-preview":"max-image-preview:large","max-video-preview":"max-video-preview:-1"},"canonical":"https:\/\/n365group.com\/dk\/after-work-n365-x-meta-i-kobenhavn\/","og_locale":"da_DK","og_type":"article","og_title":"After Work: N365 x Meta i K\u00f8benhavn","og_description":"Sammen med Meta har vi hos N365 \u00e6ren af at invitere dig til After Work p\u00e5 Spaces, Ny Carlsberg Vej 80, 1799 K\u00f8benhavn med start kl. 16.00.","og_url":"https:\/\/n365group.com\/dk\/after-work-n365-x-meta-i-kobenhavn\/","og_site_name":"N365 Group","article_publisher":"https:\/\/www.facebook.com\/n365group\/","article_modified_time":"2025-03-27T12:56:16+00:00","og_image":[{"width":1024,"height":538,"url":"https:\/\/n365group.com\/wp-content\/uploads\/2018\/06\/n365_NY_2-1024x538.jpg","type":"image\/jpeg"}],"twitter_card":"summary_large_image","schema":{"@context":"https:\/\/schema.org","@graph":[{"@type":"WebPage","@id":"https:\/\/n365group.com\/after-work-n365-x-meta-i-kobenhavn\/","url":"https:\/\/n365group.com\/after-work-n365-x-meta-i-kobenhavn\/","name":"After Work: N365 x Meta i K\u00f8benhavn - N365 Group","isPartOf":{"@id":"https:\/\/n365group.com\/#website"},"datePublished":"2025-03-13T14:41:34+00:00","dateModified":"2025-03-27T12:56:16+00:00","description":"Sammen med Meta har vi hos N365 \u00e6ren af at invitere dig til After Work p\u00e5 Spaces, Ny Carlsberg Vej 80, 1799 K\u00f8benhavn med start kl. 16.00.","inLanguage":"da-DK","potentialAction":[{"@type":"ReadAction","target":["https:\/\/n365group.com\/after-work-n365-x-meta-i-kobenhavn\/"]}]},{"@type":"WebSite","@id":"https:\/\/n365group.com\/#website","url":"https:\/\/n365group.com\/","name":"N365 Group","description":"","potentialAction":[{"@type":"SearchAction","target":{"@type":"EntryPoint","urlTemplate":"https:\/\/n365group.com\/?s={search_term_string}"},"query-input":{"@type":"PropertyValueSpecification","valueRequired":true,"valueName":"search_term_string"}}],"inLanguage":"da-DK"}]}},"_links":{"self":[{"href":"https:\/\/n365group.com\/dk\/wp-json\/wp\/v2\/pages\/14400","targetHints":{"allow":["GET"]}}],"collection":[{"href":"https:\/\/n365group.com\/dk\/wp-json\/wp\/v2\/pages"}],"about":[{"href":"https:\/\/n365group.com\/dk\/wp-json\/wp\/v2\/types\/page"}],"author":[{"embeddable":true,"href":"https:\/\/n365group.com\/dk\/wp-json\/wp\/v2\/users\/33"}],"replies":[{"embeddable":true,"href":"https:\/\/n365group.com\/dk\/wp-json\/wp\/v2\/comments?post=14400"}],"version-history":[{"count":29,"href":"https:\/\/n365group.com\/dk\/wp-json\/wp\/v2\/pages\/14400\/revisions"}],"predecessor-version":[{"id":14443,"href":"https:\/\/n365group.com\/dk\/wp-json\/wp\/v2\/pages\/14400\/revisions\/14443"}],"wp:attachment":[{"href":"https:\/\/n365group.com\/dk\/wp-json\/wp\/v2\/media?parent=14400"}],"curies":[{"name":"wp","href":"https:\/\/api.w.org\/{rel}","templated":true}]}}