{"id":6501,"date":"2018-10-29T13:42:12","date_gmt":"2018-10-29T13:42:12","guid":{"rendered":"https:\/\/n365group.com\/?page_id=6501"},"modified":"2026-03-06T15:37:23","modified_gmt":"2026-03-06T14:37:23","slug":"om-os","status":"publish","type":"page","link":"https:\/\/n365group.com\/dk\/om-os\/","title":{"rendered":"Om os"},"content":{"rendered":"<div id=\"fws_69d034a12d882\"  data-midnight=\"light\" data-bottom-percent=\"2%\"  data-bg-mobile-hidden=\"\" class=\"wpb_row vc_row-fluid vc_row top-level full-width-section standard_section\"  style=\"padding-top: 0px; padding-bottom: calc(100vw * 0.02); \"><div class=\"row-bg-wrap\"><div class=\"inner-wrap\"><div class=\"row-bg\"  style=\"\"><\/div><\/div><div class=\"row-bg-overlay\" ><\/div><\/div><div class=\"col span_12 light left\">\n\t<div  class=\"vc_col-sm-12 wpb_column column_container vc_column_container col no-extra-padding\"  data-t-w-inherits=\"default\" data-border-radius=\"none\" data-shadow=\"none\" data-border-animation=\"\" data-border-animation-delay=\"\" data-border-width=\"none\" data-border-style=\"solid\" data-border-color=\"\" data-bg-cover=\"\" data-padding-pos=\"all\" data-has-bg-color=\"false\" data-bg-color=\"\" data-bg-opacity=\"1\" data-hover-bg=\"\" data-hover-bg-opacity=\"1\" data-animation=\"\" data-delay=\"0\"><div class=\"column-bg-overlay\"><\/div>\n\t\t<div class=\"vc_column-inner\">\n\t\t\t<div class=\"wpb_wrapper\">\n\t\t\t\t\r\n    \t<div id=\"fws_69d034a12e06a\" data-midnight=\"\" data-column-margin=\"default\" data-bg-mobile-hidden=\"\" class=\"wpb_row vc_row-fluid vc_row standard_section\"  style=\"padding-top: 0px; padding-bottom: 0px; \"><div class=\"row-bg-wrap\"> <div class=\"row-bg\"  style=\"\"><\/div> <\/div><div class=\"col span_12  left\">\n\t<div  class=\"vc_col-sm-2 wpb_column column_container vc_column_container col has-animation no-extra-padding\"   data-t-w-inherits=\"default\" data-shadow=\"none\" data-border-radius=\"none\" data-border-animation=\"\" data-border-animation-delay=\"\" data-border-width=\"none\" data-border-style=\"solid\" data-border-color=\"\" data-bg-cover=\"\" data-padding-pos=\"all\" data-has-bg-color=\"false\" data-bg-color=\"\" data-bg-opacity=\"1\" data-hover-bg=\"\" data-hover-bg-opacity=\"1\" data-animation=\"fade-in-from-bottom\" data-delay=\"0\"><div class=\"column-bg-overlay\"><\/div>\n\t\t<div class=\"vc_column-inner\">\n\t\t<div class=\"wpb_wrapper\">\n\t\t\t\n\t\t<\/div> \n\t<\/div>\n\t<\/div> \n\n\t<div  class=\"vc_col-sm-8 wpb_column column_container vc_column_container col has-animation no-extra-padding\"   data-t-w-inherits=\"default\" data-shadow=\"none\" data-border-radius=\"none\" data-border-animation=\"\" data-border-animation-delay=\"\" data-border-width=\"none\" data-border-style=\"solid\" data-border-color=\"\" data-bg-cover=\"\" data-padding-pos=\"all\" data-has-bg-color=\"false\" data-bg-color=\"\" data-bg-opacity=\"1\" data-hover-bg=\"\" data-hover-bg-opacity=\"1\" data-animation=\"fade-in-from-bottom\" data-delay=\"0\"><div class=\"column-bg-overlay\"><\/div>\n\t\t<div class=\"vc_column-inner\">\n\t\t<div class=\"wpb_wrapper\">\n\t\t\t<h3 style=\"font-size: 80px;color: #000000;line-height: 80px;text-align: center;font-family:Abril Fatface;font-weight:400;font-style:normal\" class=\"vc_custom_heading\" >Vores historie<\/h3>\n\t\t<\/div> \n\t<\/div>\n\t<\/div> \n\n\t<div  class=\"vc_col-sm-2 wpb_column column_container vc_column_container col no-extra-padding\"   data-t-w-inherits=\"default\" data-shadow=\"none\" data-border-radius=\"none\" data-border-animation=\"\" data-border-animation-delay=\"\" data-border-width=\"none\" data-border-style=\"solid\" data-border-color=\"\" data-bg-cover=\"\" data-padding-pos=\"all\" data-has-bg-color=\"false\" data-bg-color=\"\" data-bg-opacity=\"1\" data-hover-bg=\"\" data-hover-bg-opacity=\"1\" data-animation=\"\" data-delay=\"0\"><div class=\"column-bg-overlay\"><\/div>\n\t\t<div class=\"vc_column-inner\">\n\t\t<div class=\"wpb_wrapper\">\n\t\t\t\n\t\t<\/div> \n\t<\/div>\n\t<\/div> \n<\/div><\/div>\n\t\t\t<\/div> \n\t\t<\/div>\n\t<\/div> \n<\/div><\/div>\n\t\t<div id=\"fws_69d034a12e4a9\"  data-midnight=\"dark\"  data-bg-mobile-hidden=\"\" class=\"wpb_row vc_row-fluid vc_row standard_section\"  style=\"padding-top: 0px; padding-bottom: 0px; \"><div class=\"row-bg-wrap\"><div class=\"inner-wrap\"><div class=\"row-bg\"  style=\"\"><\/div><\/div><div class=\"row-bg-overlay\" ><\/div><\/div><div class=\"col span_12 dark left\">\n\t<div  class=\"vc_col-sm-12 wpb_column column_container vc_column_container col no-extra-padding\"  data-t-w-inherits=\"default\" data-border-radius=\"none\" data-shadow=\"none\" data-border-animation=\"\" data-border-animation-delay=\"\" data-border-width=\"none\" data-border-style=\"solid\" data-border-color=\"\" data-bg-cover=\"\" data-padding-pos=\"all\" data-has-bg-color=\"false\" data-bg-color=\"\" data-bg-opacity=\"1\" data-hover-bg=\"\" data-hover-bg-opacity=\"1\" data-animation=\"\" data-delay=\"0\"><div class=\"column-bg-overlay\"><\/div>\n\t\t<div class=\"vc_column-inner\">\n\t\t\t<div class=\"wpb_wrapper\">\n\t\t\t\t\r\n    \t<div id=\"fws_69d034a12e570\" data-midnight=\"\" data-column-margin=\"default\" data-bg-mobile-hidden=\"\" class=\"wpb_row vc_row-fluid vc_row standard_section\"  style=\"padding-top: 1%; padding-bottom: 0px; \"><div class=\"row-bg-wrap\"> <div class=\"row-bg\"  style=\"\"><\/div> <\/div><div class=\"col span_12  left\">\n\t<div  class=\"vc_col-sm-2 wpb_column column_container vc_column_container col no-extra-padding\"   data-t-w-inherits=\"default\" data-shadow=\"none\" data-border-radius=\"none\" data-border-animation=\"\" data-border-animation-delay=\"\" data-border-width=\"none\" data-border-style=\"solid\" data-border-color=\"\" data-bg-cover=\"\" data-padding-pos=\"all\" data-has-bg-color=\"false\" data-bg-color=\"\" data-bg-opacity=\"1\" data-hover-bg=\"\" data-hover-bg-opacity=\"1\" data-animation=\"\" data-delay=\"0\"><div class=\"column-bg-overlay\"><\/div>\n\t\t<div class=\"vc_column-inner\">\n\t\t<div class=\"wpb_wrapper\">\n\t\t\t\n\t\t<\/div> \n\t<\/div>\n\t<\/div> \n\n\t<div  class=\"vc_col-sm-8 wpb_column column_container vc_column_container col no-extra-padding\"   data-t-w-inherits=\"default\" data-shadow=\"none\" data-border-radius=\"none\" data-border-animation=\"\" data-border-animation-delay=\"\" data-border-width=\"none\" data-border-style=\"solid\" data-border-color=\"\" data-bg-cover=\"\" data-padding-pos=\"all\" data-has-bg-color=\"false\" data-bg-color=\"\" data-bg-opacity=\"1\" data-hover-bg=\"\" data-hover-bg-opacity=\"1\" data-animation=\"\" data-delay=\"0\"><div class=\"column-bg-overlay\"><\/div>\n\t\t<div class=\"vc_column-inner\">\n\t\t<div class=\"wpb_wrapper\">\n\t\t\t\r\n\t<div class=\"wpb_text_column wpb_content_element\" >\r\n\t\t<div class=\"wpb_wrapper\">\r\n\t\t\t<p><img loading=\"lazy\" decoding=\"async\" class=\"alignnone wp-image-14651 size-full\" src=\"https:\/\/n365group.com\/wp-content\/uploads\/2026\/03\/N365-picture2.jpg\" alt=\"\" width=\"1500\" height=\"1000\" srcset=\"https:\/\/n365group.com\/wp-content\/uploads\/2026\/03\/N365-picture2.jpg 1500w, https:\/\/n365group.com\/wp-content\/uploads\/2026\/03\/N365-picture2-300x200.jpg 300w, https:\/\/n365group.com\/wp-content\/uploads\/2026\/03\/N365-picture2-1024x683.jpg 1024w, https:\/\/n365group.com\/wp-content\/uploads\/2026\/03\/N365-picture2-768x512.jpg 768w, https:\/\/n365group.com\/wp-content\/uploads\/2026\/03\/N365-picture2-18x12.jpg 18w, https:\/\/n365group.com\/wp-content\/uploads\/2026\/03\/N365-picture2-900x600.jpg 900w\" sizes=\"auto, (max-width: 1500px) 100vw, 1500px\" \/><\/p>\n<p><strong>Vores filosofi er at g\u00f8re en forskel med hver en krone, vi f\u00e5r i h\u00e6nderne.<\/strong><\/p>\n<p>N365 blev grundlagt i Stockholm i 2011 med et enkelt m\u00e5l \u2013 at skabe native advertising kampagner baseret p\u00e5 datadrevet optimering.<\/p>\n<p>Det viste sig at blive en succes.<\/p>\n<p>Vi voksede derfor hurtigt i Sverige og blev snart anerkendte for vores effektive kampagner og tilfredse kunder langt ud over landets gr\u00e6nser.<\/p>\n<p>I 2016 besluttede vi at dele vores koncept med resten af verden og \u00e5bnede kontorer i K\u00f8benhavn, Oslo, Helsinki og London. To \u00e5r senere gjorde vi det samme i New York.<\/p>\n<p>I dag er N365 en af Europas st\u00f8rste performancedrevne full-service marketingbureauer. Vi tilbyder alt lige fra strategisk planl\u00e6gning, kreativt content og distribuering af indhold til din kernem\u00e5lgruppe.<\/p>\n<p>Der er meget, der har \u00e6ndret sig gennem \u00e5rene, men vi forts\u00e6tter med det samme mindset, som vi startede med:<\/p>\n<p>\u00d8nsket om at opn\u00e5 de bedst mulige resultater gennem kreative hjerner og datadrevet optimering.<\/p>\n<p>\ud83d\udc49 Hvis du vil vide mere om os, tjek <a href=\"https:\/\/n365group.com\/dk\/hvad-kan-vi-hjaelpe-med\/\">Hvad Vi G\u00f8r<\/a> sektion.<\/p>\n<p>\ud83d\udd0d Er du nysgerrig p\u00e5 hvordan vi har hjulpet andre virksomheder med at forbedre deres resultater med datadrevne kampagner? S\u00e5 tjek vores <a href=\"https:\/\/n365group.com\/dk\/cases\/\">cases<\/a>.<\/p>\n<p>\ud83e\udd1d Uanset om du har brug for assistance til en ny kanal eller \u00f8nsker at forbedre konverteringsraten p\u00e5 dine allerede eksisterende kampagner, <a href=\"https:\/\/n365group.com\/dk\/n365-campaign-english\/\">s\u00e5 r\u00e6k ud til os<\/a> for et m\u00f8de med en af vores eksperter.<\/p>\n\r\n\t\t<\/div>\r\n\t<\/div>\r\n\n\t\t<\/div> \n\t<\/div>\n\t<\/div> \n\n\t<div  class=\"vc_col-sm-2 wpb_column column_container vc_column_container col no-extra-padding\"   data-t-w-inherits=\"default\" data-shadow=\"none\" data-border-radius=\"none\" data-border-animation=\"\" data-border-animation-delay=\"\" data-border-width=\"none\" data-border-style=\"solid\" data-border-color=\"\" data-bg-cover=\"\" data-padding-pos=\"all\" data-has-bg-color=\"false\" data-bg-color=\"\" data-bg-opacity=\"1\" data-hover-bg=\"\" data-hover-bg-opacity=\"1\" data-animation=\"\" data-delay=\"0\"><div class=\"column-bg-overlay\"><\/div>\n\t\t<div class=\"vc_column-inner\">\n\t\t<div class=\"wpb_wrapper\">\n\t\t\t\n\t\t<\/div> \n\t<\/div>\n\t<\/div> \n<\/div><\/div>\n\t\t\t<\/div> \n\t\t<\/div>\n\t<\/div> \n<\/div><\/div>","protected":false},"excerpt":{"rendered":"Our story Our philosophy is to make a difference with every single penny we spend. N365 was founded in Stockholm in 2011 with a single objective in mind \u2013 to...","protected":false},"author":33,"featured_media":0,"parent":0,"menu_order":57,"comment_status":"closed","ping_status":"closed","template":"","meta":{"inline_featured_image":false,"footnotes":""},"class_list":["post-6501","page","type-page","status-publish"],"yoast_head":"<!-- This site is optimized with the Yoast SEO Premium plugin v26.5 (Yoast SEO v27.3) - https:\/\/yoast.com\/product\/yoast-seo-premium-wordpress\/ -->\n<title>About us - N365 Group<\/title>\n<meta name=\"robots\" content=\"index, follow, max-snippet:-1, max-image-preview:large, max-video-preview:-1\" \/>\n<link rel=\"canonical\" href=\"https:\/\/n365group.com\/dk\/om-os\/\" \/>\n<meta property=\"og:locale\" content=\"da_DK\" \/>\n<meta property=\"og:type\" content=\"article\" \/>\n<meta property=\"og:title\" content=\"About us\" \/>\n<meta property=\"og:url\" content=\"https:\/\/n365group.com\/dk\/om-os\/\" \/>\n<meta property=\"og:site_name\" content=\"N365 Group\" \/>\n<meta property=\"article:publisher\" content=\"https:\/\/www.facebook.com\/n365group\/\" \/>\n<meta property=\"article:modified_time\" content=\"2026-03-06T14:37:23+00:00\" \/>\n<meta property=\"og:image\" content=\"https:\/\/n365group.com\/wp-content\/uploads\/2026\/03\/N365-picture2.jpg\" \/>\n\t<meta property=\"og:image:width\" content=\"1500\" \/>\n\t<meta property=\"og:image:height\" content=\"1000\" \/>\n\t<meta property=\"og:image:type\" content=\"image\/jpeg\" \/>\n<meta name=\"twitter:card\" content=\"summary_large_image\" \/>\n<script type=\"application\/ld+json\" class=\"yoast-schema-graph\">{\"@context\":\"https:\\\/\\\/schema.org\",\"@graph\":[{\"@type\":\"WebPage\",\"@id\":\"https:\\\/\\\/n365group.com\\\/about-us\\\/\",\"url\":\"https:\\\/\\\/n365group.com\\\/about-us\\\/\",\"name\":\"About us - N365 Group\",\"isPartOf\":{\"@id\":\"https:\\\/\\\/n365group.com\\\/#website\"},\"primaryImageOfPage\":{\"@id\":\"https:\\\/\\\/n365group.com\\\/about-us\\\/#primaryimage\"},\"image\":{\"@id\":\"https:\\\/\\\/n365group.com\\\/about-us\\\/#primaryimage\"},\"thumbnailUrl\":\"https:\\\/\\\/n365group.com\\\/wp-content\\\/uploads\\\/2026\\\/03\\\/N365-picture2.jpg\",\"datePublished\":\"2018-10-29T13:42:12+00:00\",\"dateModified\":\"2026-03-06T14:37:23+00:00\",\"inLanguage\":\"da-DK\",\"potentialAction\":[{\"@type\":\"ReadAction\",\"target\":[\"https:\\\/\\\/n365group.com\\\/about-us\\\/\"]}]},{\"@type\":\"ImageObject\",\"inLanguage\":\"da-DK\",\"@id\":\"https:\\\/\\\/n365group.com\\\/about-us\\\/#primaryimage\",\"url\":\"https:\\\/\\\/n365group.com\\\/wp-content\\\/uploads\\\/2026\\\/03\\\/N365-picture2.jpg\",\"contentUrl\":\"https:\\\/\\\/n365group.com\\\/wp-content\\\/uploads\\\/2026\\\/03\\\/N365-picture2.jpg\"},{\"@type\":\"WebSite\",\"@id\":\"https:\\\/\\\/n365group.com\\\/#website\",\"url\":\"https:\\\/\\\/n365group.com\\\/\",\"name\":\"N365 Group\",\"description\":\"\",\"potentialAction\":[{\"@type\":\"SearchAction\",\"target\":{\"@type\":\"EntryPoint\",\"urlTemplate\":\"https:\\\/\\\/n365group.com\\\/?s={search_term_string}\"},\"query-input\":{\"@type\":\"PropertyValueSpecification\",\"valueRequired\":true,\"valueName\":\"search_term_string\"}}],\"inLanguage\":\"da-DK\"}]}<\/script>\n<!-- \/ Yoast SEO Premium plugin. -->","yoast_head_json":{"title":"About us - N365 Group","robots":{"index":"index","follow":"follow","max-snippet":"max-snippet:-1","max-image-preview":"max-image-preview:large","max-video-preview":"max-video-preview:-1"},"canonical":"https:\/\/n365group.com\/dk\/om-os\/","og_locale":"da_DK","og_type":"article","og_title":"About us","og_url":"https:\/\/n365group.com\/dk\/om-os\/","og_site_name":"N365 Group","article_publisher":"https:\/\/www.facebook.com\/n365group\/","article_modified_time":"2026-03-06T14:37:23+00:00","og_image":[{"width":1500,"height":1000,"url":"https:\/\/n365group.com\/wp-content\/uploads\/2026\/03\/N365-picture2.jpg","type":"image\/jpeg"}],"twitter_card":"summary_large_image","schema":{"@context":"https:\/\/schema.org","@graph":[{"@type":"WebPage","@id":"https:\/\/n365group.com\/about-us\/","url":"https:\/\/n365group.com\/about-us\/","name":"About us - N365 Group","isPartOf":{"@id":"https:\/\/n365group.com\/#website"},"primaryImageOfPage":{"@id":"https:\/\/n365group.com\/about-us\/#primaryimage"},"image":{"@id":"https:\/\/n365group.com\/about-us\/#primaryimage"},"thumbnailUrl":"https:\/\/n365group.com\/wp-content\/uploads\/2026\/03\/N365-picture2.jpg","datePublished":"2018-10-29T13:42:12+00:00","dateModified":"2026-03-06T14:37:23+00:00","inLanguage":"da-DK","potentialAction":[{"@type":"ReadAction","target":["https:\/\/n365group.com\/about-us\/"]}]},{"@type":"ImageObject","inLanguage":"da-DK","@id":"https:\/\/n365group.com\/about-us\/#primaryimage","url":"https:\/\/n365group.com\/wp-content\/uploads\/2026\/03\/N365-picture2.jpg","contentUrl":"https:\/\/n365group.com\/wp-content\/uploads\/2026\/03\/N365-picture2.jpg"},{"@type":"WebSite","@id":"https:\/\/n365group.com\/#website","url":"https:\/\/n365group.com\/","name":"N365 Group","description":"","potentialAction":[{"@type":"SearchAction","target":{"@type":"EntryPoint","urlTemplate":"https:\/\/n365group.com\/?s={search_term_string}"},"query-input":{"@type":"PropertyValueSpecification","valueRequired":true,"valueName":"search_term_string"}}],"inLanguage":"da-DK"}]}},"_links":{"self":[{"href":"https:\/\/n365group.com\/dk\/wp-json\/wp\/v2\/pages\/6501","targetHints":{"allow":["GET"]}}],"collection":[{"href":"https:\/\/n365group.com\/dk\/wp-json\/wp\/v2\/pages"}],"about":[{"href":"https:\/\/n365group.com\/dk\/wp-json\/wp\/v2\/types\/page"}],"author":[{"embeddable":true,"href":"https:\/\/n365group.com\/dk\/wp-json\/wp\/v2\/users\/33"}],"replies":[{"embeddable":true,"href":"https:\/\/n365group.com\/dk\/wp-json\/wp\/v2\/comments?post=6501"}],"version-history":[{"count":51,"href":"https:\/\/n365group.com\/dk\/wp-json\/wp\/v2\/pages\/6501\/revisions"}],"predecessor-version":[{"id":14652,"href":"https:\/\/n365group.com\/dk\/wp-json\/wp\/v2\/pages\/6501\/revisions\/14652"}],"wp:attachment":[{"href":"https:\/\/n365group.com\/dk\/wp-json\/wp\/v2\/media?parent=6501"}],"curies":[{"name":"wp","href":"https:\/\/api.w.org\/{rel}","templated":true}]}}