{"id":14447,"date":"2025-04-15T10:54:45","date_gmt":"2025-04-15T08:54:45","guid":{"rendered":"https:\/\/n365group.com\/?page_id=14447"},"modified":"2025-04-28T08:46:35","modified_gmt":"2025-04-28T06:46:35","slug":"n365-live-session-frukost-med-snapchat-storytel","status":"publish","type":"page","link":"https:\/\/n365group.com\/fi\/n365-live-session-frukost-med-snapchat-storytel\/","title":{"rendered":"N365 Live session: Frukost med Snapchat &#038; Storytel"},"content":{"rendered":"<div id=\"fws_69d5cae2b4640\"  data-midnight=\"light\" data-top-percent=\"5%\" data-bottom-percent=\"7%\"  data-bg-mobile-hidden=\"\" class=\"wpb_row vc_row-fluid vc_row top-level full-width-section standard_section\"  style=\"padding-top: calc(100vw * 0.05); padding-bottom: calc(100vw * 0.07); \"><div class=\"row-bg-wrap\"><div class=\"inner-wrap\"><div class=\"row-bg  using-bg-color\"  style=\"background-color: #ffffff; \"><\/div><\/div><div class=\"row-bg-overlay\" style=\"background-color:#201eaf;  opacity: 1; \"><\/div><\/div><div class=\"nectar-shape-divider-wrap no-color\" style=\" height:50px;\"  data-front=\"\" data-style=\"speech\" data-position=\"bottom\" ><svg class=\"nectar-shape-divider\" fill=\"\" xmlns=\"http:\/\/www.w3.org\/2000\/svg\" viewbox=\"0 0 1000 100\" preserveaspectratio=\"none\"> <path d=\"M 0 45.86 h 458 c 29 0 42 19.27 42 19.27 s 13 -19.27 42.74 -19.27 h 457.26 v 54.14 h -1000 z\"><\/path>  <\/svg><\/div><div class=\"col span_12 light left\">\n\t<div  class=\"vc_col-sm-12 wpb_column column_container vc_column_container col no-extra-padding\"  data-t-w-inherits=\"default\" data-border-radius=\"none\" data-shadow=\"none\" data-border-animation=\"\" data-border-animation-delay=\"\" data-border-width=\"none\" data-border-style=\"solid\" data-border-color=\"\" data-bg-cover=\"\" data-padding-pos=\"all\" data-has-bg-color=\"false\" data-bg-color=\"\" data-bg-opacity=\"1\" data-hover-bg=\"\" data-hover-bg-opacity=\"1\" data-animation=\"\" data-delay=\"0\"><div class=\"column-bg-overlay\"><\/div>\n\t\t<div class=\"vc_column-inner\">\n\t\t\t<div class=\"wpb_wrapper\">\n\t\t\t\t<h1 style=\"font-size: 60px;color: #ffffff;text-align: center\" class=\"vc_custom_heading\" >Frukost med Snapchat &amp; Storytel<\/h1>\n\t\t\t<\/div> \n\t\t<\/div>\n\t<\/div> \n<\/div><\/div>\n\t\t<div id=\"fws_69d5cae2b4a86\"  data-midnight=\"dark\"  data-bg-mobile-hidden=\"\" class=\"wpb_row vc_row-fluid vc_row standard_section\"  style=\"padding-top: 10px; padding-bottom: 10px; \"><div class=\"row-bg-wrap\"><div class=\"inner-wrap\"><div class=\"row-bg\"  style=\"\"><\/div><\/div><div class=\"row-bg-overlay\" ><\/div><\/div><div class=\"col span_12 dark left\">\n\t<div  class=\"vc_col-sm-6 wpb_column column_container vc_column_container col no-extra-padding\"  data-t-w-inherits=\"default\" data-border-radius=\"none\" data-shadow=\"none\" data-border-animation=\"\" data-border-animation-delay=\"\" data-border-width=\"none\" data-border-style=\"solid\" data-border-color=\"\" data-bg-cover=\"\" data-padding-pos=\"all\" data-has-bg-color=\"false\" data-bg-color=\"\" data-bg-opacity=\"1\" data-hover-bg=\"\" data-hover-bg-opacity=\"1\" data-animation=\"\" data-delay=\"0\"><div class=\"column-bg-overlay\"><\/div>\n\t\t<div class=\"vc_column-inner\">\n\t\t\t<div class=\"wpb_wrapper\">\n\t\t\t\t\r\n\t<div class=\"wpb_text_column wpb_content_element\" >\r\n\t\t<div class=\"wpb_wrapper\">\r\n\t\t\t<h2 class=\"p1\">N365 Live session:<br \/>\nFrukost med Snapchat &amp; Storytel<\/h2>\n<p data-start=\"0\" data-end=\"103\"><strong>Tillsammans med <a href=\"https:\/\/www.snap.com\/\" target=\"_blank\" rel=\"noopener\">Snapchat<\/a> har vi p\u00e5 N365 \u00e4ran att bjuda in er till ett frukostseminarium hos oss p\u00e5 Birger Jarlsgatan 43 i Stockholm, torsdag 22:a maj 2025. Frukost serveras fr\u00e5n 8.30 och presentationerna b\u00f6rjar 9.00.<\/strong><\/p>\n<p class=\"p1\">Oavsett om ni redan \u00e4r aktiva med kampanjer p\u00e5 Snapchat idag eller om ni \u00e4r nyfikna p\u00e5 att komma ig\u00e5ng \u00e4r detta event ett ypperligt tillf\u00e4lle att f\u00f6rdjupa sig och f\u00e5 \u00f6kad kunskap om alla m\u00f6jligheter p\u00e5 Snap.<\/p>\n<p class=\"p1\">Under frukosten <strong>delar Snachat med sig av de allra senaste uppdateringarna<\/strong>. Vi har ocks\u00e5 \u00e4ran att <strong>g\u00e4stas av <a href=\"https:\/\/www.storytel.com\/se\" target=\"_blank\" rel=\"noopener\">Storytel<\/a> som bjuder p\u00e5 en unik inblick hur de blivit framg\u00e5ngsrika p\u00e5 Snapchat<\/strong>.<\/p>\n<p class=\"p1\">Sj\u00e4lvklart finns det ocks\u00e5 m\u00f6jlighet att tala med experter fr\u00e5n s\u00e5v\u00e4l N365 som Snapchat och att st\u00e4lla fr\u00e5gor till Storytel om deras framg\u00e5ngsrecept.<\/p>\n<p class=\"p1\"><strong>OBS! Begr\u00e4nsat antal platser, s\u00e5 anm\u00e4l dig direkt via formul\u00e4ret h\u00e4r under! \ud83d\ude0a\ud83d\udc47<\/strong><\/p>\n<p><iframe loading=\"lazy\" style=\"border: 0;\" src=\"https:\/\/marketing.n365group.com\/l\/1088612\/2025-04-15\/2t1pt1\" width=\"100%\" height=\"1150px\" frameborder=\"0\"><\/iframe><\/p>\n\r\n\t\t<\/div>\r\n\t<\/div>\r\n\n\t\t\t<\/div> \n\t\t<\/div>\n\t<\/div> \n\n\t<div  class=\"vc_col-sm-6 wpb_column column_container vc_column_container col no-extra-padding\"  data-t-w-inherits=\"default\" data-border-radius=\"none\" data-shadow=\"none\" data-border-animation=\"\" data-border-animation-delay=\"\" data-border-width=\"none\" data-border-style=\"solid\" data-border-color=\"\" data-bg-cover=\"\" data-padding-pos=\"all\" data-has-bg-color=\"false\" data-bg-color=\"\" data-bg-opacity=\"1\" data-hover-bg=\"\" data-hover-bg-opacity=\"1\" data-animation=\"\" data-delay=\"0\"><div class=\"column-bg-overlay\"><\/div>\n\t\t<div class=\"vc_column-inner\">\n\t\t\t<div class=\"wpb_wrapper\">\n\t\t\t\t<div class=\"img-with-aniamtion-wrap center\" data-max-width=\"75%\" data-border-radius=\"none\"><div class=\"inner\"><a href=\"https:\/\/n365group.com\/wp-content\/uploads\/2025\/04\/N365-x-Snapchat-\u2013-Breakfast-May-25.jpg\" class=\"pp center\"><img loading=\"lazy\" decoding=\"async\" data-shadow=\"none\" data-shadow-direction=\"middle\" class=\"img-with-animation skip-lazy\" data-delay=\"0\" height=\"2000\" width=\"1429\"  data-animation=\"none\" src=\"https:\/\/n365group.com\/wp-content\/uploads\/2025\/04\/N365-x-Snapchat-\u2013-Breakfast-May-25.jpg\" srcset=\"https:\/\/n365group.com\/wp-content\/uploads\/2025\/04\/N365-x-Snapchat-\u2013-Breakfast-May-25.jpg 1429w, https:\/\/n365group.com\/wp-content\/uploads\/2025\/04\/N365-x-Snapchat-\u2013-Breakfast-May-25-214x300.jpg 214w, https:\/\/n365group.com\/wp-content\/uploads\/2025\/04\/N365-x-Snapchat-\u2013-Breakfast-May-25-732x1024.jpg 732w, https:\/\/n365group.com\/wp-content\/uploads\/2025\/04\/N365-x-Snapchat-\u2013-Breakfast-May-25-768x1075.jpg 768w, https:\/\/n365group.com\/wp-content\/uploads\/2025\/04\/N365-x-Snapchat-\u2013-Breakfast-May-25-1097x1536.jpg 1097w, https:\/\/n365group.com\/wp-content\/uploads\/2025\/04\/N365-x-Snapchat-\u2013-Breakfast-May-25-9x12.jpg 9w\" sizes=\"auto, 100vw\" alt=\"\" \/><\/a><\/div><\/div>\n\t\t\t<\/div> \n\t\t<\/div>\n\t<\/div> \n<\/div><\/div>","protected":false},"excerpt":{"rendered":"Frukost med Snapchat &amp; Storytel N365 Live session: Frukost med Snapchat &amp; Storytel Tillsammans med Snapchat har vi p\u00e5 N365 \u00e4ran att bjuda in er till ett frukostseminarium hos oss...","protected":false},"author":33,"featured_media":0,"parent":0,"menu_order":8,"comment_status":"closed","ping_status":"closed","template":"","meta":{"inline_featured_image":false,"footnotes":""},"class_list":["post-14447","page","type-page","status-publish"],"yoast_head":"<!-- This site is optimized with the Yoast SEO Premium plugin v26.5 (Yoast SEO v27.3) - https:\/\/yoast.com\/product\/yoast-seo-premium-wordpress\/ -->\n<title>N365 Live session: Frukost med Snapchat &amp; Storytel - N365 Group<\/title>\n<meta name=\"description\" content=\"Tillsammans med Snapchat har vi p\u00e5 N365 \u00e4ran att bjuda in er till ett frukostseminarium hos oss p\u00e5 Birger Jarlsgatan 43 i Stockholm.\" \/>\n<meta name=\"robots\" content=\"index, follow, max-snippet:-1, max-image-preview:large, max-video-preview:-1\" \/>\n<link rel=\"canonical\" href=\"https:\/\/n365group.com\/fi\/n365-live-session-frukost-med-snapchat-storytel\/\" \/>\n<meta property=\"og:locale\" content=\"fi_FI\" \/>\n<meta property=\"og:type\" content=\"article\" \/>\n<meta property=\"og:title\" content=\"N365 Live session: Frukost med Snapchat &amp; Storytel\" \/>\n<meta property=\"og:description\" content=\"Tillsammans med Snapchat har vi p\u00e5 N365 \u00e4ran att bjuda in er till ett frukostseminarium hos oss p\u00e5 Birger Jarlsgatan 43 i Stockholm.\" \/>\n<meta property=\"og:url\" content=\"https:\/\/n365group.com\/fi\/n365-live-session-frukost-med-snapchat-storytel\/\" \/>\n<meta property=\"og:site_name\" content=\"N365 Group\" \/>\n<meta property=\"article:publisher\" content=\"https:\/\/www.facebook.com\/n365group\/\" \/>\n<meta property=\"article:modified_time\" content=\"2025-04-28T06:46:35+00:00\" \/>\n<meta property=\"og:image\" content=\"https:\/\/n365group.com\/wp-content\/uploads\/2018\/06\/n365_NY_2-1024x538.jpg\" \/>\n\t<meta property=\"og:image:width\" content=\"1024\" \/>\n\t<meta property=\"og:image:height\" content=\"538\" \/>\n\t<meta property=\"og:image:type\" content=\"image\/jpeg\" \/>\n<meta name=\"twitter:card\" content=\"summary_large_image\" \/>\n<script type=\"application\/ld+json\" class=\"yoast-schema-graph\">{\"@context\":\"https:\\\/\\\/schema.org\",\"@graph\":[{\"@type\":\"WebPage\",\"@id\":\"https:\\\/\\\/n365group.com\\\/n365-live-session-frukost-med-snapchat-storytel\\\/\",\"url\":\"https:\\\/\\\/n365group.com\\\/n365-live-session-frukost-med-snapchat-storytel\\\/\",\"name\":\"N365 Live session: Frukost med Snapchat & Storytel - N365 Group\",\"isPartOf\":{\"@id\":\"https:\\\/\\\/n365group.com\\\/#website\"},\"datePublished\":\"2025-04-15T08:54:45+00:00\",\"dateModified\":\"2025-04-28T06:46:35+00:00\",\"description\":\"Tillsammans med Snapchat har vi p\u00e5 N365 \u00e4ran att bjuda in er till ett frukostseminarium hos oss p\u00e5 Birger Jarlsgatan 43 i Stockholm.\",\"inLanguage\":\"fi\",\"potentialAction\":[{\"@type\":\"ReadAction\",\"target\":[\"https:\\\/\\\/n365group.com\\\/n365-live-session-frukost-med-snapchat-storytel\\\/\"]}]},{\"@type\":\"WebSite\",\"@id\":\"https:\\\/\\\/n365group.com\\\/#website\",\"url\":\"https:\\\/\\\/n365group.com\\\/\",\"name\":\"N365 Group\",\"description\":\"\",\"potentialAction\":[{\"@type\":\"SearchAction\",\"target\":{\"@type\":\"EntryPoint\",\"urlTemplate\":\"https:\\\/\\\/n365group.com\\\/?s={search_term_string}\"},\"query-input\":{\"@type\":\"PropertyValueSpecification\",\"valueRequired\":true,\"valueName\":\"search_term_string\"}}],\"inLanguage\":\"fi\"}]}<\/script>\n<!-- \/ Yoast SEO Premium plugin. -->","yoast_head_json":{"title":"N365 Live session: Frukost med Snapchat & Storytel - N365 Group","description":"Tillsammans med Snapchat har vi p\u00e5 N365 \u00e4ran att bjuda in er till ett frukostseminarium hos oss p\u00e5 Birger Jarlsgatan 43 i Stockholm.","robots":{"index":"index","follow":"follow","max-snippet":"max-snippet:-1","max-image-preview":"max-image-preview:large","max-video-preview":"max-video-preview:-1"},"canonical":"https:\/\/n365group.com\/fi\/n365-live-session-frukost-med-snapchat-storytel\/","og_locale":"fi_FI","og_type":"article","og_title":"N365 Live session: Frukost med Snapchat & Storytel","og_description":"Tillsammans med Snapchat har vi p\u00e5 N365 \u00e4ran att bjuda in er till ett frukostseminarium hos oss p\u00e5 Birger Jarlsgatan 43 i Stockholm.","og_url":"https:\/\/n365group.com\/fi\/n365-live-session-frukost-med-snapchat-storytel\/","og_site_name":"N365 Group","article_publisher":"https:\/\/www.facebook.com\/n365group\/","article_modified_time":"2025-04-28T06:46:35+00:00","og_image":[{"width":1024,"height":538,"url":"https:\/\/n365group.com\/wp-content\/uploads\/2018\/06\/n365_NY_2-1024x538.jpg","type":"image\/jpeg"}],"twitter_card":"summary_large_image","schema":{"@context":"https:\/\/schema.org","@graph":[{"@type":"WebPage","@id":"https:\/\/n365group.com\/n365-live-session-frukost-med-snapchat-storytel\/","url":"https:\/\/n365group.com\/n365-live-session-frukost-med-snapchat-storytel\/","name":"N365 Live session: Frukost med Snapchat & Storytel - N365 Group","isPartOf":{"@id":"https:\/\/n365group.com\/#website"},"datePublished":"2025-04-15T08:54:45+00:00","dateModified":"2025-04-28T06:46:35+00:00","description":"Tillsammans med Snapchat har vi p\u00e5 N365 \u00e4ran att bjuda in er till ett frukostseminarium hos oss p\u00e5 Birger Jarlsgatan 43 i Stockholm.","inLanguage":"fi","potentialAction":[{"@type":"ReadAction","target":["https:\/\/n365group.com\/n365-live-session-frukost-med-snapchat-storytel\/"]}]},{"@type":"WebSite","@id":"https:\/\/n365group.com\/#website","url":"https:\/\/n365group.com\/","name":"N365 Group","description":"","potentialAction":[{"@type":"SearchAction","target":{"@type":"EntryPoint","urlTemplate":"https:\/\/n365group.com\/?s={search_term_string}"},"query-input":{"@type":"PropertyValueSpecification","valueRequired":true,"valueName":"search_term_string"}}],"inLanguage":"fi"}]}},"_links":{"self":[{"href":"https:\/\/n365group.com\/fi\/wp-json\/wp\/v2\/pages\/14447","targetHints":{"allow":["GET"]}}],"collection":[{"href":"https:\/\/n365group.com\/fi\/wp-json\/wp\/v2\/pages"}],"about":[{"href":"https:\/\/n365group.com\/fi\/wp-json\/wp\/v2\/types\/page"}],"author":[{"embeddable":true,"href":"https:\/\/n365group.com\/fi\/wp-json\/wp\/v2\/users\/33"}],"replies":[{"embeddable":true,"href":"https:\/\/n365group.com\/fi\/wp-json\/wp\/v2\/comments?post=14447"}],"version-history":[{"count":11,"href":"https:\/\/n365group.com\/fi\/wp-json\/wp\/v2\/pages\/14447\/revisions"}],"predecessor-version":[{"id":14463,"href":"https:\/\/n365group.com\/fi\/wp-json\/wp\/v2\/pages\/14447\/revisions\/14463"}],"wp:attachment":[{"href":"https:\/\/n365group.com\/fi\/wp-json\/wp\/v2\/media?parent=14447"}],"curies":[{"name":"wp","href":"https:\/\/api.w.org\/{rel}","templated":true}]}}