{"id":6501,"date":"2018-10-29T13:42:12","date_gmt":"2018-10-29T13:42:12","guid":{"rendered":"https:\/\/n365group.com\/?page_id=6501"},"modified":"2026-03-06T15:37:23","modified_gmt":"2026-03-06T14:37:23","slug":"meista","status":"publish","type":"page","link":"https:\/\/n365group.com\/fi\/meista\/","title":{"rendered":"Meist\u00e4"},"content":{"rendered":"<div id=\"fws_69d4488f7fddf\"  data-midnight=\"light\" data-bottom-percent=\"2%\"  data-bg-mobile-hidden=\"\" class=\"wpb_row vc_row-fluid vc_row top-level full-width-section standard_section\"  style=\"padding-top: 0px; padding-bottom: calc(100vw * 0.02); \"><div class=\"row-bg-wrap\"><div class=\"inner-wrap\"><div class=\"row-bg\"  style=\"\"><\/div><\/div><div class=\"row-bg-overlay\" ><\/div><\/div><div class=\"col span_12 light left\">\n\t<div  class=\"vc_col-sm-12 wpb_column column_container vc_column_container col no-extra-padding\"  data-t-w-inherits=\"default\" data-border-radius=\"none\" data-shadow=\"none\" data-border-animation=\"\" data-border-animation-delay=\"\" data-border-width=\"none\" data-border-style=\"solid\" data-border-color=\"\" data-bg-cover=\"\" data-padding-pos=\"all\" data-has-bg-color=\"false\" data-bg-color=\"\" data-bg-opacity=\"1\" data-hover-bg=\"\" data-hover-bg-opacity=\"1\" data-animation=\"\" data-delay=\"0\"><div class=\"column-bg-overlay\"><\/div>\n\t\t<div class=\"vc_column-inner\">\n\t\t\t<div class=\"wpb_wrapper\">\n\t\t\t\t\r\n    \t<div id=\"fws_69d4488f80787\" data-midnight=\"\" data-column-margin=\"default\" data-bg-mobile-hidden=\"\" class=\"wpb_row vc_row-fluid vc_row standard_section\"  style=\"padding-top: 0px; padding-bottom: 0px; \"><div class=\"row-bg-wrap\"> <div class=\"row-bg\"  style=\"\"><\/div> <\/div><div class=\"col span_12  left\">\n\t<div  class=\"vc_col-sm-2 wpb_column column_container vc_column_container col has-animation no-extra-padding\"   data-t-w-inherits=\"default\" data-shadow=\"none\" data-border-radius=\"none\" data-border-animation=\"\" data-border-animation-delay=\"\" data-border-width=\"none\" data-border-style=\"solid\" data-border-color=\"\" data-bg-cover=\"\" data-padding-pos=\"all\" data-has-bg-color=\"false\" data-bg-color=\"\" data-bg-opacity=\"1\" data-hover-bg=\"\" data-hover-bg-opacity=\"1\" data-animation=\"fade-in-from-bottom\" data-delay=\"0\"><div class=\"column-bg-overlay\"><\/div>\n\t\t<div class=\"vc_column-inner\">\n\t\t<div class=\"wpb_wrapper\">\n\t\t\t\n\t\t<\/div> \n\t<\/div>\n\t<\/div> \n\n\t<div  class=\"vc_col-sm-8 wpb_column column_container vc_column_container col has-animation no-extra-padding\"   data-t-w-inherits=\"default\" data-shadow=\"none\" data-border-radius=\"none\" data-border-animation=\"\" data-border-animation-delay=\"\" data-border-width=\"none\" data-border-style=\"solid\" data-border-color=\"\" data-bg-cover=\"\" data-padding-pos=\"all\" data-has-bg-color=\"false\" data-bg-color=\"\" data-bg-opacity=\"1\" data-hover-bg=\"\" data-hover-bg-opacity=\"1\" data-animation=\"fade-in-from-bottom\" data-delay=\"0\"><div class=\"column-bg-overlay\"><\/div>\n\t\t<div class=\"vc_column-inner\">\n\t\t<div class=\"wpb_wrapper\">\n\t\t\t<h3 style=\"font-size: 80px;color: #000000;line-height: 80px;text-align: center;font-family:Abril Fatface;font-weight:400;font-style:normal\" class=\"vc_custom_heading\" >Tarinamme<\/h3>\n\t\t<\/div> \n\t<\/div>\n\t<\/div> \n\n\t<div  class=\"vc_col-sm-2 wpb_column column_container vc_column_container col no-extra-padding\"   data-t-w-inherits=\"default\" data-shadow=\"none\" data-border-radius=\"none\" data-border-animation=\"\" data-border-animation-delay=\"\" data-border-width=\"none\" data-border-style=\"solid\" data-border-color=\"\" data-bg-cover=\"\" data-padding-pos=\"all\" data-has-bg-color=\"false\" data-bg-color=\"\" data-bg-opacity=\"1\" data-hover-bg=\"\" data-hover-bg-opacity=\"1\" data-animation=\"\" data-delay=\"0\"><div class=\"column-bg-overlay\"><\/div>\n\t\t<div class=\"vc_column-inner\">\n\t\t<div class=\"wpb_wrapper\">\n\t\t\t\n\t\t<\/div> \n\t<\/div>\n\t<\/div> \n<\/div><\/div>\n\t\t\t<\/div> \n\t\t<\/div>\n\t<\/div> \n<\/div><\/div>\n\t\t<div id=\"fws_69d4488f80e9e\"  data-midnight=\"dark\"  data-bg-mobile-hidden=\"\" class=\"wpb_row vc_row-fluid vc_row standard_section\"  style=\"padding-top: 0px; padding-bottom: 0px; \"><div class=\"row-bg-wrap\"><div class=\"inner-wrap\"><div class=\"row-bg\"  style=\"\"><\/div><\/div><div class=\"row-bg-overlay\" ><\/div><\/div><div class=\"col span_12 dark left\">\n\t<div  class=\"vc_col-sm-12 wpb_column column_container vc_column_container col no-extra-padding\"  data-t-w-inherits=\"default\" data-border-radius=\"none\" data-shadow=\"none\" data-border-animation=\"\" data-border-animation-delay=\"\" data-border-width=\"none\" data-border-style=\"solid\" data-border-color=\"\" data-bg-cover=\"\" data-padding-pos=\"all\" data-has-bg-color=\"false\" data-bg-color=\"\" data-bg-opacity=\"1\" data-hover-bg=\"\" data-hover-bg-opacity=\"1\" data-animation=\"\" data-delay=\"0\"><div class=\"column-bg-overlay\"><\/div>\n\t\t<div class=\"vc_column-inner\">\n\t\t\t<div class=\"wpb_wrapper\">\n\t\t\t\t\r\n    \t<div id=\"fws_69d4488f80f7e\" data-midnight=\"\" data-column-margin=\"default\" data-bg-mobile-hidden=\"\" class=\"wpb_row vc_row-fluid vc_row standard_section\"  style=\"padding-top: 1%; padding-bottom: 0px; \"><div class=\"row-bg-wrap\"> <div class=\"row-bg\"  style=\"\"><\/div> <\/div><div class=\"col span_12  left\">\n\t<div  class=\"vc_col-sm-2 wpb_column column_container vc_column_container col no-extra-padding\"   data-t-w-inherits=\"default\" data-shadow=\"none\" data-border-radius=\"none\" data-border-animation=\"\" data-border-animation-delay=\"\" data-border-width=\"none\" data-border-style=\"solid\" data-border-color=\"\" data-bg-cover=\"\" data-padding-pos=\"all\" data-has-bg-color=\"false\" data-bg-color=\"\" data-bg-opacity=\"1\" data-hover-bg=\"\" data-hover-bg-opacity=\"1\" data-animation=\"\" data-delay=\"0\"><div class=\"column-bg-overlay\"><\/div>\n\t\t<div class=\"vc_column-inner\">\n\t\t<div class=\"wpb_wrapper\">\n\t\t\t\n\t\t<\/div> \n\t<\/div>\n\t<\/div> \n\n\t<div  class=\"vc_col-sm-8 wpb_column column_container vc_column_container col no-extra-padding\"   data-t-w-inherits=\"default\" data-shadow=\"none\" data-border-radius=\"none\" data-border-animation=\"\" data-border-animation-delay=\"\" data-border-width=\"none\" data-border-style=\"solid\" data-border-color=\"\" data-bg-cover=\"\" data-padding-pos=\"all\" data-has-bg-color=\"false\" data-bg-color=\"\" data-bg-opacity=\"1\" data-hover-bg=\"\" data-hover-bg-opacity=\"1\" data-animation=\"\" data-delay=\"0\"><div class=\"column-bg-overlay\"><\/div>\n\t\t<div class=\"vc_column-inner\">\n\t\t<div class=\"wpb_wrapper\">\n\t\t\t\r\n\t<div class=\"wpb_text_column wpb_content_element\" >\r\n\t\t<div class=\"wpb_wrapper\">\r\n\t\t\t<p><img loading=\"lazy\" decoding=\"async\" class=\"alignnone wp-image-14651 size-full\" src=\"https:\/\/n365group.com\/wp-content\/uploads\/2026\/03\/N365-picture2.jpg\" alt=\"\" width=\"1500\" height=\"1000\" srcset=\"https:\/\/n365group.com\/wp-content\/uploads\/2026\/03\/N365-picture2.jpg 1500w, https:\/\/n365group.com\/wp-content\/uploads\/2026\/03\/N365-picture2-300x200.jpg 300w, https:\/\/n365group.com\/wp-content\/uploads\/2026\/03\/N365-picture2-1024x683.jpg 1024w, https:\/\/n365group.com\/wp-content\/uploads\/2026\/03\/N365-picture2-768x512.jpg 768w, https:\/\/n365group.com\/wp-content\/uploads\/2026\/03\/N365-picture2-18x12.jpg 18w, https:\/\/n365group.com\/wp-content\/uploads\/2026\/03\/N365-picture2-900x600.jpg 900w\" sizes=\"auto, (max-width: 1500px) 100vw, 1500px\" \/><\/p>\n<p><strong>Mottomme on, ett\u00e4 haluamme tarjota parhaan mahdollisen vastikkeen asiakkaiden k\u00e4yt\u00f6ss\u00e4 olevalle markkinointibudjetille.<\/strong><\/p>\n<p>N365 perustettiin Ruotsissa vuonna 2011 yksi tavoite mieless\u00e4 \u2013 luoda asiakkaille datal\u00e4ht\u00f6iseen optimointiin perustuvia natiivikampanjoita.<\/p>\n<p>T\u00e4m\u00e4 konsepti osoittautui menestykseksi.<\/p>\n<p>Ruotsissa kasvuvauhti oli nopeaa ja saavutimme lyhyess\u00e4 ajassa maineen yhteisty\u00f6kumppanina, jonka asiakastyytyv\u00e4isyys oli korkealla tasolla.<\/p>\n<p>Vuonna 2016 edess\u00e4 oli toiminnan laajentaminen maailmalle, kun uudet toimistot avattiin Oslossa, K\u00f6\u00f6penhaminassa, Helsingiss\u00e4 ja Lontoossa. Kaksi vuotta my\u00f6hemmin sama tapahtui my\u00f6s New Yorkissa.<\/p>\n<p>T\u00e4n\u00e4 p\u00e4iv\u00e4n\u00e4 N365 on yksi Euroopan suurimmista datal\u00e4ht\u00f6isist\u00e4, t\u00e4yden palvelun sis\u00e4lt\u00f6markkinointitoimistoista. Palveluihimme kuuluvat kattava strateginen suunnittelu, luova sis\u00e4ll\u00f6ntuotanto niin digitaalisen median alustoille kuin printtiinkin sek\u00e4 yksityiskohtaiset ratkaisut niiden kanavien k\u00e4ytt\u00f6\u00f6nottamiseksi, joista yrityksesi kohderyhm\u00e4t l\u00f6ytyv\u00e4t.<\/p>\n<p>Vuosien varrella monet asiat ovat muuttuneet paljon, mutta ajattelutapamme on pysynyt samana alusta asti.<\/p>\n<p>Haluamme tuottaa asiakkaille parhaita mahdollisia tuloksia luovien sis\u00e4lt\u00f6jen ja datal\u00e4ht\u00f6isen optimoinnin avulla.<\/p>\n<p>\ud83d\udc49 Jos haluat kuulla enemm\u00e4n N365:n sis\u00e4lt\u00f6ratkaisuista, klikkaa lis\u00e4tietoja <a href=\"https:\/\/n365group.com\/fi\/mita-palveluihimme-kuuluu\/\">t\u00e4\u00e4lt\u00e4<\/a> section.<\/p>\n<p>Haluaisitko tiet\u00e4\u00e4, kuinka olemme auttaneet asiakkaitamme kasvattamaan liiketoimintaansa datal\u00e4ht\u00f6isell\u00e4 sis\u00e4lt\u00f6markkinoinnilla? <a href=\"https:\/\/n365group.com\/fi\/asiakastarinat\/\">Klikkaa asiakastarinoihin t\u00e4\u00e4lt\u00e4<\/a>.<\/p>\n<p>\ud83e\udd1dTarvitsitpa apua sitten uuden markkinointikanavan k\u00e4ytt\u00f6\u00f6nottamisessa tai haluat kasvattaa nykyisten kampanjoidesi konversioprosenttia, asiantuntijamme auttavat sinua n\u00e4iden haasteiden ratkomisessa. <a href=\"https:\/\/n365group.com\/fi\/n365-campaign-english\/\">Ota yhteytt\u00e4 meihin j\u00e4tt\u00e4m\u00e4ll\u00e4 yhteystietosi lomakkeen kautta.<\/a> niin asiantuntijamme on yhteydess\u00e4 sinuun.<\/p>\n\r\n\t\t<\/div>\r\n\t<\/div>\r\n\n\t\t<\/div> \n\t<\/div>\n\t<\/div> \n\n\t<div  class=\"vc_col-sm-2 wpb_column column_container vc_column_container col no-extra-padding\"   data-t-w-inherits=\"default\" data-shadow=\"none\" data-border-radius=\"none\" data-border-animation=\"\" data-border-animation-delay=\"\" data-border-width=\"none\" data-border-style=\"solid\" data-border-color=\"\" data-bg-cover=\"\" data-padding-pos=\"all\" data-has-bg-color=\"false\" data-bg-color=\"\" data-bg-opacity=\"1\" data-hover-bg=\"\" data-hover-bg-opacity=\"1\" data-animation=\"\" data-delay=\"0\"><div class=\"column-bg-overlay\"><\/div>\n\t\t<div class=\"vc_column-inner\">\n\t\t<div class=\"wpb_wrapper\">\n\t\t\t\n\t\t<\/div> \n\t<\/div>\n\t<\/div> \n<\/div><\/div>\n\t\t\t<\/div> \n\t\t<\/div>\n\t<\/div> \n<\/div><\/div>","protected":false},"excerpt":{"rendered":"Our story Our philosophy is to make a difference with every single penny we spend. N365 was founded in Stockholm in 2011 with a single objective in mind \u2013 to...","protected":false},"author":33,"featured_media":0,"parent":0,"menu_order":57,"comment_status":"closed","ping_status":"closed","template":"","meta":{"inline_featured_image":false,"footnotes":""},"class_list":["post-6501","page","type-page","status-publish"],"yoast_head":"<!-- This site is optimized with the Yoast SEO Premium plugin v26.5 (Yoast SEO v27.3) - https:\/\/yoast.com\/product\/yoast-seo-premium-wordpress\/ -->\n<title>About us - N365 Group<\/title>\n<meta name=\"robots\" content=\"index, follow, max-snippet:-1, max-image-preview:large, max-video-preview:-1\" \/>\n<link rel=\"canonical\" href=\"https:\/\/n365group.com\/fi\/meista\/\" \/>\n<meta property=\"og:locale\" content=\"fi_FI\" \/>\n<meta property=\"og:type\" content=\"article\" \/>\n<meta property=\"og:title\" content=\"About us\" \/>\n<meta property=\"og:url\" content=\"https:\/\/n365group.com\/fi\/meista\/\" \/>\n<meta property=\"og:site_name\" content=\"N365 Group\" \/>\n<meta property=\"article:publisher\" content=\"https:\/\/www.facebook.com\/n365group\/\" \/>\n<meta property=\"article:modified_time\" content=\"2026-03-06T14:37:23+00:00\" \/>\n<meta property=\"og:image\" content=\"https:\/\/n365group.com\/wp-content\/uploads\/2026\/03\/N365-picture2.jpg\" \/>\n\t<meta property=\"og:image:width\" content=\"1500\" \/>\n\t<meta property=\"og:image:height\" content=\"1000\" \/>\n\t<meta property=\"og:image:type\" content=\"image\/jpeg\" \/>\n<meta name=\"twitter:card\" content=\"summary_large_image\" \/>\n<script type=\"application\/ld+json\" class=\"yoast-schema-graph\">{\"@context\":\"https:\\\/\\\/schema.org\",\"@graph\":[{\"@type\":\"WebPage\",\"@id\":\"https:\\\/\\\/n365group.com\\\/about-us\\\/\",\"url\":\"https:\\\/\\\/n365group.com\\\/about-us\\\/\",\"name\":\"About us - N365 Group\",\"isPartOf\":{\"@id\":\"https:\\\/\\\/n365group.com\\\/#website\"},\"primaryImageOfPage\":{\"@id\":\"https:\\\/\\\/n365group.com\\\/about-us\\\/#primaryimage\"},\"image\":{\"@id\":\"https:\\\/\\\/n365group.com\\\/about-us\\\/#primaryimage\"},\"thumbnailUrl\":\"https:\\\/\\\/n365group.com\\\/wp-content\\\/uploads\\\/2026\\\/03\\\/N365-picture2.jpg\",\"datePublished\":\"2018-10-29T13:42:12+00:00\",\"dateModified\":\"2026-03-06T14:37:23+00:00\",\"inLanguage\":\"fi\",\"potentialAction\":[{\"@type\":\"ReadAction\",\"target\":[\"https:\\\/\\\/n365group.com\\\/about-us\\\/\"]}]},{\"@type\":\"ImageObject\",\"inLanguage\":\"fi\",\"@id\":\"https:\\\/\\\/n365group.com\\\/about-us\\\/#primaryimage\",\"url\":\"https:\\\/\\\/n365group.com\\\/wp-content\\\/uploads\\\/2026\\\/03\\\/N365-picture2.jpg\",\"contentUrl\":\"https:\\\/\\\/n365group.com\\\/wp-content\\\/uploads\\\/2026\\\/03\\\/N365-picture2.jpg\"},{\"@type\":\"WebSite\",\"@id\":\"https:\\\/\\\/n365group.com\\\/#website\",\"url\":\"https:\\\/\\\/n365group.com\\\/\",\"name\":\"N365 Group\",\"description\":\"\",\"potentialAction\":[{\"@type\":\"SearchAction\",\"target\":{\"@type\":\"EntryPoint\",\"urlTemplate\":\"https:\\\/\\\/n365group.com\\\/?s={search_term_string}\"},\"query-input\":{\"@type\":\"PropertyValueSpecification\",\"valueRequired\":true,\"valueName\":\"search_term_string\"}}],\"inLanguage\":\"fi\"}]}<\/script>\n<!-- \/ Yoast SEO Premium plugin. -->","yoast_head_json":{"title":"About us - N365 Group","robots":{"index":"index","follow":"follow","max-snippet":"max-snippet:-1","max-image-preview":"max-image-preview:large","max-video-preview":"max-video-preview:-1"},"canonical":"https:\/\/n365group.com\/fi\/meista\/","og_locale":"fi_FI","og_type":"article","og_title":"About us","og_url":"https:\/\/n365group.com\/fi\/meista\/","og_site_name":"N365 Group","article_publisher":"https:\/\/www.facebook.com\/n365group\/","article_modified_time":"2026-03-06T14:37:23+00:00","og_image":[{"width":1500,"height":1000,"url":"https:\/\/n365group.com\/wp-content\/uploads\/2026\/03\/N365-picture2.jpg","type":"image\/jpeg"}],"twitter_card":"summary_large_image","schema":{"@context":"https:\/\/schema.org","@graph":[{"@type":"WebPage","@id":"https:\/\/n365group.com\/about-us\/","url":"https:\/\/n365group.com\/about-us\/","name":"About us - N365 Group","isPartOf":{"@id":"https:\/\/n365group.com\/#website"},"primaryImageOfPage":{"@id":"https:\/\/n365group.com\/about-us\/#primaryimage"},"image":{"@id":"https:\/\/n365group.com\/about-us\/#primaryimage"},"thumbnailUrl":"https:\/\/n365group.com\/wp-content\/uploads\/2026\/03\/N365-picture2.jpg","datePublished":"2018-10-29T13:42:12+00:00","dateModified":"2026-03-06T14:37:23+00:00","inLanguage":"fi","potentialAction":[{"@type":"ReadAction","target":["https:\/\/n365group.com\/about-us\/"]}]},{"@type":"ImageObject","inLanguage":"fi","@id":"https:\/\/n365group.com\/about-us\/#primaryimage","url":"https:\/\/n365group.com\/wp-content\/uploads\/2026\/03\/N365-picture2.jpg","contentUrl":"https:\/\/n365group.com\/wp-content\/uploads\/2026\/03\/N365-picture2.jpg"},{"@type":"WebSite","@id":"https:\/\/n365group.com\/#website","url":"https:\/\/n365group.com\/","name":"N365 Group","description":"","potentialAction":[{"@type":"SearchAction","target":{"@type":"EntryPoint","urlTemplate":"https:\/\/n365group.com\/?s={search_term_string}"},"query-input":{"@type":"PropertyValueSpecification","valueRequired":true,"valueName":"search_term_string"}}],"inLanguage":"fi"}]}},"_links":{"self":[{"href":"https:\/\/n365group.com\/fi\/wp-json\/wp\/v2\/pages\/6501","targetHints":{"allow":["GET"]}}],"collection":[{"href":"https:\/\/n365group.com\/fi\/wp-json\/wp\/v2\/pages"}],"about":[{"href":"https:\/\/n365group.com\/fi\/wp-json\/wp\/v2\/types\/page"}],"author":[{"embeddable":true,"href":"https:\/\/n365group.com\/fi\/wp-json\/wp\/v2\/users\/33"}],"replies":[{"embeddable":true,"href":"https:\/\/n365group.com\/fi\/wp-json\/wp\/v2\/comments?post=6501"}],"version-history":[{"count":51,"href":"https:\/\/n365group.com\/fi\/wp-json\/wp\/v2\/pages\/6501\/revisions"}],"predecessor-version":[{"id":14652,"href":"https:\/\/n365group.com\/fi\/wp-json\/wp\/v2\/pages\/6501\/revisions\/14652"}],"wp:attachment":[{"href":"https:\/\/n365group.com\/fi\/wp-json\/wp\/v2\/media?parent=6501"}],"curies":[{"name":"wp","href":"https:\/\/api.w.org\/{rel}","templated":true}]}}