{"id":9860,"date":"2022-09-22T14:29:07","date_gmt":"2022-09-22T12:29:07","guid":{"rendered":"https:\/\/n365group.com\/?page_id=9860"},"modified":"2022-09-22T14:37:09","modified_gmt":"2022-09-22T12:37:09","slug":"kiitos-fi","status":"publish","type":"page","link":"https:\/\/n365group.com\/fi\/kiitos-fi\/","title":{"rendered":"Kiitos"},"content":{"rendered":"<div id=\"fws_69d112dac7a86\"  data-midnight=\"dark\"  data-bg-mobile-hidden=\"\" class=\"wpb_row vc_row-fluid vc_row top-level standard_section\"  style=\"padding-top: 10px; padding-bottom: 0px; \"><div class=\"row-bg-wrap\"><div class=\"inner-wrap\"><div class=\"row-bg\"  style=\"\"><\/div><\/div><div class=\"row-bg-overlay\" ><\/div><\/div><div class=\"col span_12 dark left\">\n\t<div  class=\"vc_col-sm-2 vc_hidden-xs wpb_column column_container vc_column_container col no-extra-padding\"  data-t-w-inherits=\"default\" data-border-radius=\"none\" data-shadow=\"none\" data-border-animation=\"\" data-border-animation-delay=\"\" data-border-width=\"none\" data-border-style=\"solid\" data-border-color=\"\" data-bg-cover=\"\" data-padding-pos=\"left-right\" data-has-bg-color=\"false\" data-bg-color=\"\" data-bg-opacity=\"1\" data-hover-bg=\"\" data-hover-bg-opacity=\"1\" data-animation=\"\" data-delay=\"0\"><div class=\"column-bg-overlay\"><\/div>\n\t\t<div class=\"vc_column-inner\">\n\t\t\t<div class=\"wpb_wrapper\">\n\t\t\t\t\n\t\t\t<\/div> \n\t\t<\/div>\n\t<\/div> \n\n\t<div  class=\"vc_col-sm-8 wpb_column column_container vc_column_container col padding-2-percent\"  data-t-w-inherits=\"default\" data-border-radius=\"none\" data-shadow=\"none\" data-border-animation=\"\" data-border-animation-delay=\"\" data-border-width=\"none\" data-border-style=\"solid\" data-border-color=\"\" data-bg-cover=\"\" data-padding-pos=\"left-right\" data-has-bg-color=\"false\" data-bg-color=\"\" data-bg-opacity=\"1\" data-hover-bg=\"\" data-hover-bg-opacity=\"1\" data-animation=\"\" data-delay=\"0\"><div class=\"column-bg-overlay\"><\/div>\n\t\t<div class=\"vc_column-inner\">\n\t\t\t<div class=\"wpb_wrapper\">\n\t\t\t\t\r\n\t<div class=\"wpb_text_column wpb_content_element  vc_custom_1663849746428\" >\r\n\t\t<div class=\"wpb_wrapper\">\r\n\t\t\t<h3 class=\"p1\">Kiitos yhteydenotosta! Palaamme sinulle mahdollisimman pian.<\/h3>\n\r\n\t\t<\/div>\r\n\t<\/div>\r\n\r\n\t<div class=\"wpb_text_column wpb_content_element\" >\r\n\t\t<div class=\"wpb_wrapper\">\r\n\t\t\t<h5>Lis\u00e4tietoa meist\u00e4:<\/h5>\n<ul>\n<li><a href=\"https:\/\/n365group.com\/fi\/mita-palveluihimme-kuuluu\/\">Natiivimainonta, videot, printtimainonta ja paljon muuta &#8211; t\u00e4ss\u00e4 esimerkkej\u00e4 palvelukokonaisuudestamme<\/a><\/li>\n<li><a href=\"https:\/\/n365group.com\/fi\/uutiset\/n365-invests-heavily-in-europe-and-the-us-increasing-staff-by-67-percent\/\">Kansainv\u00e4linen kasvuyritys &#8211; kasvatimme henkil\u00f6st\u00f6mme m\u00e4\u00e4r\u00e4 67 prosentilla ja avasimme toimiston New Yorkiin<\/a><\/li>\n<li><a href=\"https:\/\/n365group.com\/fi\/asiakastarinat\/\">Olemme tehneet yhteisty\u00f6t\u00e4 muun muassa seuraavien yritysten kanssa: VisitBritain, kwiff, Carglass<\/a><\/li>\n<\/ul>\n\r\n\t\t<\/div>\r\n\t<\/div>\r\n<a class=\"nectar-button medium regular accent-color  regular-button\" style=\"margin-top: 15px; \"  href=\"https:\/\/n365group.com\/fi\/\" data-color-override=\"false\" data-hover-color-override=\"false\" data-hover-text-color-override=\"#fff\"><span>Takaisin etusivulle<\/span><\/a>\n\t\t\t<\/div> \n\t\t<\/div>\n\t<\/div> \n\n\t<div  class=\"vc_col-sm-2 vc_hidden-xs wpb_column column_container vc_column_container col no-extra-padding\"  data-t-w-inherits=\"default\" data-border-radius=\"none\" data-shadow=\"none\" data-border-animation=\"\" data-border-animation-delay=\"\" data-border-width=\"none\" data-border-style=\"solid\" data-border-color=\"\" data-bg-cover=\"\" data-padding-pos=\"all\" data-has-bg-color=\"false\" data-bg-color=\"\" data-bg-opacity=\"1\" data-hover-bg=\"\" data-hover-bg-opacity=\"1\" data-animation=\"\" data-delay=\"0\"><div class=\"column-bg-overlay\"><\/div>\n\t\t<div class=\"vc_column-inner\">\n\t\t\t<div class=\"wpb_wrapper\">\n\t\t\t\t\n\t\t\t<\/div> \n\t\t<\/div>\n\t<\/div> \n<\/div><\/div>\n\t\t<div id=\"fws_69d112dac813c\"  data-midnight=\"dark\"  data-bg-mobile-hidden=\"\" class=\"wpb_row vc_row-fluid vc_row standard_section\"  style=\"padding-top: 0px; padding-bottom: 0px; \"><div class=\"row-bg-wrap\"><div class=\"inner-wrap\"><div class=\"row-bg\"  style=\"\"><\/div><\/div><div class=\"row-bg-overlay\" ><\/div><\/div><div class=\"col span_12 dark left\">\n\t<div  class=\"vc_col-sm-12 wpb_column column_container vc_column_container col no-extra-padding\"  data-t-w-inherits=\"default\" data-border-radius=\"none\" data-shadow=\"none\" data-border-animation=\"\" data-border-animation-delay=\"\" data-border-width=\"none\" data-border-style=\"solid\" data-border-color=\"\" data-bg-cover=\"\" data-padding-pos=\"all\" data-has-bg-color=\"false\" data-bg-color=\"\" data-bg-opacity=\"1\" data-hover-bg=\"\" data-hover-bg-opacity=\"1\" data-animation=\"\" data-delay=\"0\"><div class=\"column-bg-overlay\"><\/div>\n\t\t<div class=\"vc_column-inner\">\n\t\t\t<div class=\"wpb_wrapper\">\n\t\t\t\t\n\t\t\t<\/div> \n\t\t<\/div>\n\t<\/div> \n<\/div><\/div>","protected":false},"excerpt":{"rendered":"Kiitos yhteydenotosta! Palaamme sinulle mahdollisimman pian. Lis\u00e4tietoa meist\u00e4: Natiivimainonta, videot, printtimainonta ja paljon muuta - t\u00e4ss\u00e4 esimerkkej\u00e4 palvelukokonaisuudestamme Kansainv\u00e4linen kasvuyritys - kasvatimme henkil\u00f6st\u00f6mme m\u00e4\u00e4r\u00e4 67 prosentilla ja avasimme toimiston New...","protected":false},"author":8,"featured_media":0,"parent":0,"menu_order":26,"comment_status":"closed","ping_status":"closed","template":"","meta":{"inline_featured_image":false,"footnotes":""},"class_list":["post-9860","page","type-page","status-publish"],"yoast_head":"<!-- This site is optimized with the Yoast SEO Premium plugin v26.5 (Yoast SEO v27.3) - https:\/\/yoast.com\/product\/yoast-seo-premium-wordpress\/ -->\n<title>Kiitos - N365 Group<\/title>\n<meta name=\"robots\" content=\"index, follow, max-snippet:-1, max-image-preview:large, max-video-preview:-1\" \/>\n<link rel=\"canonical\" href=\"https:\/\/n365group.com\/fi\/kiitos-fi\/\" \/>\n<meta property=\"og:locale\" content=\"fi_FI\" \/>\n<meta property=\"og:type\" content=\"article\" \/>\n<meta property=\"og:title\" content=\"Kiitos\" \/>\n<meta property=\"og:url\" content=\"https:\/\/n365group.com\/fi\/kiitos-fi\/\" \/>\n<meta property=\"og:site_name\" content=\"N365 Group\" \/>\n<meta property=\"article:publisher\" content=\"https:\/\/www.facebook.com\/n365group\/\" \/>\n<meta property=\"article:modified_time\" content=\"2022-09-22T12:37:09+00:00\" \/>\n<meta property=\"og:image\" content=\"https:\/\/n365group.com\/wp-content\/uploads\/2018\/06\/n365_NY_2-1024x538.jpg\" \/>\n\t<meta property=\"og:image:width\" content=\"1024\" \/>\n\t<meta property=\"og:image:height\" content=\"538\" \/>\n\t<meta property=\"og:image:type\" content=\"image\/jpeg\" \/>\n<meta name=\"twitter:card\" content=\"summary_large_image\" \/>\n<script type=\"application\/ld+json\" class=\"yoast-schema-graph\">{\"@context\":\"https:\\\/\\\/schema.org\",\"@graph\":[{\"@type\":\"WebPage\",\"@id\":\"https:\\\/\\\/n365group.com\\\/kiitos-fi\\\/\",\"url\":\"https:\\\/\\\/n365group.com\\\/kiitos-fi\\\/\",\"name\":\"Kiitos - N365 Group\",\"isPartOf\":{\"@id\":\"https:\\\/\\\/n365group.com\\\/#website\"},\"datePublished\":\"2022-09-22T12:29:07+00:00\",\"dateModified\":\"2022-09-22T12:37:09+00:00\",\"inLanguage\":\"fi\",\"potentialAction\":[{\"@type\":\"ReadAction\",\"target\":[\"https:\\\/\\\/n365group.com\\\/kiitos-fi\\\/\"]}]},{\"@type\":\"WebSite\",\"@id\":\"https:\\\/\\\/n365group.com\\\/#website\",\"url\":\"https:\\\/\\\/n365group.com\\\/\",\"name\":\"N365 Group\",\"description\":\"\",\"potentialAction\":[{\"@type\":\"SearchAction\",\"target\":{\"@type\":\"EntryPoint\",\"urlTemplate\":\"https:\\\/\\\/n365group.com\\\/?s={search_term_string}\"},\"query-input\":{\"@type\":\"PropertyValueSpecification\",\"valueRequired\":true,\"valueName\":\"search_term_string\"}}],\"inLanguage\":\"fi\"}]}<\/script>\n<!-- \/ Yoast SEO Premium plugin. -->","yoast_head_json":{"title":"Kiitos - N365 Group","robots":{"index":"index","follow":"follow","max-snippet":"max-snippet:-1","max-image-preview":"max-image-preview:large","max-video-preview":"max-video-preview:-1"},"canonical":"https:\/\/n365group.com\/fi\/kiitos-fi\/","og_locale":"fi_FI","og_type":"article","og_title":"Kiitos","og_url":"https:\/\/n365group.com\/fi\/kiitos-fi\/","og_site_name":"N365 Group","article_publisher":"https:\/\/www.facebook.com\/n365group\/","article_modified_time":"2022-09-22T12:37:09+00:00","og_image":[{"width":1024,"height":538,"url":"https:\/\/n365group.com\/wp-content\/uploads\/2018\/06\/n365_NY_2-1024x538.jpg","type":"image\/jpeg"}],"twitter_card":"summary_large_image","schema":{"@context":"https:\/\/schema.org","@graph":[{"@type":"WebPage","@id":"https:\/\/n365group.com\/kiitos-fi\/","url":"https:\/\/n365group.com\/kiitos-fi\/","name":"Kiitos - N365 Group","isPartOf":{"@id":"https:\/\/n365group.com\/#website"},"datePublished":"2022-09-22T12:29:07+00:00","dateModified":"2022-09-22T12:37:09+00:00","inLanguage":"fi","potentialAction":[{"@type":"ReadAction","target":["https:\/\/n365group.com\/kiitos-fi\/"]}]},{"@type":"WebSite","@id":"https:\/\/n365group.com\/#website","url":"https:\/\/n365group.com\/","name":"N365 Group","description":"","potentialAction":[{"@type":"SearchAction","target":{"@type":"EntryPoint","urlTemplate":"https:\/\/n365group.com\/?s={search_term_string}"},"query-input":{"@type":"PropertyValueSpecification","valueRequired":true,"valueName":"search_term_string"}}],"inLanguage":"fi"}]}},"_links":{"self":[{"href":"https:\/\/n365group.com\/fi\/wp-json\/wp\/v2\/pages\/9860","targetHints":{"allow":["GET"]}}],"collection":[{"href":"https:\/\/n365group.com\/fi\/wp-json\/wp\/v2\/pages"}],"about":[{"href":"https:\/\/n365group.com\/fi\/wp-json\/wp\/v2\/types\/page"}],"author":[{"embeddable":true,"href":"https:\/\/n365group.com\/fi\/wp-json\/wp\/v2\/users\/8"}],"replies":[{"embeddable":true,"href":"https:\/\/n365group.com\/fi\/wp-json\/wp\/v2\/comments?post=9860"}],"version-history":[{"count":1,"href":"https:\/\/n365group.com\/fi\/wp-json\/wp\/v2\/pages\/9860\/revisions"}],"predecessor-version":[{"id":9861,"href":"https:\/\/n365group.com\/fi\/wp-json\/wp\/v2\/pages\/9860\/revisions\/9861"}],"wp:attachment":[{"href":"https:\/\/n365group.com\/fi\/wp-json\/wp\/v2\/media?parent=9860"}],"curies":[{"name":"wp","href":"https:\/\/api.w.org\/{rel}","templated":true}]}}