{"id":7518,"date":"2020-04-29T13:21:10","date_gmt":"2020-04-29T11:21:10","guid":{"rendered":"https:\/\/n365group.com\/?page_id=7518"},"modified":"2020-04-29T16:33:44","modified_gmt":"2020-04-29T14:33:44","slug":"arets-byra-ser-rekordnivaer-pa-sociala-medier-sa-far-man-hjalp-med-konvertering","status":"publish","type":"page","link":"https:\/\/n365group.com\/se\/arets-byra-ser-rekordnivaer-pa-sociala-medier-sa-far-man-hjalp-med-konvertering\/","title":{"rendered":"\u00c5rets Byr\u00e5 ser rekordniv\u00e5er p\u00e5 sociala medier \u2013 s\u00e5 f\u00e5r man hj\u00e4lp med konvertering"},"content":{"rendered":"\n\t\t<div id=\"fws_69d548ca5afe5\"  data-midnight=\"dark\"  data-bg-mobile-hidden=\"\" class=\"wpb_row vc_row-fluid vc_row top-level standard_section   \"  style=\"padding-top: 10px; padding-bottom: 0px; \"><div class=\"row-bg-wrap\"><div class=\"inner-wrap\"><div class=\"row-bg    \"  style=\"\"><\/div><\/div><div class=\"row-bg-overlay\" ><\/div><\/div><div class=\"col span_12 dark left\">\n\t<div  class=\"vc_col-sm-2 vc_hidden-xs wpb_column column_container vc_column_container col no-extra-padding\"  data-t-w-inherits=\"default\" data-border-radius=\"none\" data-shadow=\"none\" data-border-animation=\"\" data-border-animation-delay=\"\" data-border-width=\"none\" data-border-style=\"solid\" data-border-color=\"\" data-bg-cover=\"\" data-padding-pos=\"left-right\" data-has-bg-color=\"false\" data-bg-color=\"\" data-bg-opacity=\"1\" data-hover-bg=\"\" data-hover-bg-opacity=\"1\" data-animation=\"\" data-delay=\"0\"><div class=\"column-bg-overlay\"><\/div>\n\t\t<div class=\"vc_column-inner\">\n\t\t\t<div class=\"wpb_wrapper\">\n\t\t\t\t\n\t\t\t<\/div> \n\t\t<\/div>\n\t<\/div> \n\n\t<div  class=\"vc_col-sm-8 wpb_column column_container vc_column_container col padding-2-percent\"  data-t-w-inherits=\"default\" data-border-radius=\"none\" data-shadow=\"none\" data-border-animation=\"\" data-border-animation-delay=\"\" data-border-width=\"none\" data-border-style=\"solid\" data-border-color=\"\" data-bg-cover=\"\" data-padding-pos=\"left-right\" data-has-bg-color=\"false\" data-bg-color=\"\" data-bg-opacity=\"1\" data-hover-bg=\"\" data-hover-bg-opacity=\"1\" data-animation=\"\" data-delay=\"0\"><div class=\"column-bg-overlay\"><\/div>\n\t\t<div class=\"vc_column-inner\">\n\t\t\t<div class=\"wpb_wrapper\">\n\t\t\t\t<h2 style=\"font-size: 45px;line-height: 1.2;text-align: center;font-family:Raleway;font-weight:800;font-style:normal\" class=\"vc_custom_heading\" >\u00c5rets Byr\u00e5 ser rekordniv\u00e5er p\u00e5 sociala medier \u2013 s\u00e5 f\u00e5r man hj\u00e4lp med konvertering<\/h2><div class=\"img-with-aniamtion-wrap center\" data-max-width=\"100%\" data-border-radius=\"none\"><div class=\"inner\"><img loading=\"lazy\" decoding=\"async\" data-shadow=\"none\" data-shadow-direction=\"middle\" class=\"img-with-animation skip-lazy \" data-delay=\"0\" height=\"538\" width=\"1024\" style=\"margin-top: 20px; margin-bottom: 20px; \" data-animation=\"none\" src=\"https:\/\/n365group.com\/wp-content\/uploads\/2020\/04\/n365_aretsbyra.jpg\" srcset=\"https:\/\/n365group.com\/wp-content\/uploads\/2020\/04\/n365_aretsbyra.jpg 1024w, https:\/\/n365group.com\/wp-content\/uploads\/2020\/04\/n365_aretsbyra-300x158.jpg 300w, https:\/\/n365group.com\/wp-content\/uploads\/2020\/04\/n365_aretsbyra-768x404.jpg 768w\" sizes=\"auto, 100vw\" alt=\"\" \/><\/div><\/div>\r\n\t<div class=\"wpb_text_column wpb_content_element \" >\r\n\t\t<div class=\"wpb_wrapper\">\r\n\t\t\t<p><strong>Contentbyr\u00e5n Nyheter365, utsedda till \u00c5rets Byr\u00e5 2020, hj\u00e4lper sina kunder med konvertering och \u00e4r experter p\u00e5 datadriven distribution. Och de senaste veckorna ser byr\u00e5n fortsatt positiva trender.<\/strong><\/p>\n<p>Den senaste tidens samh\u00e4llsf\u00f6r\u00e4ndringar har p\u00e5verkat m\u00e5nga f\u00f6retag. Men faktum \u00e4r att trafiken p\u00e5 sociala medier \u00e4r rekordh\u00f6g \u2013 och i m\u00e5nga fall \u00e4ven konverteringen.<\/p>\n<p>Nyheter365 jobbar med ett 70-tal kunder inom m\u00e5nga olika branscher; H\u00e4lso- &amp; l\u00e4kemedelsbolag, spelbolag, utbildningsorgan och v\u00e4lg\u00f6renhetsorganisationer f\u00f6r att n\u00e4mna n\u00e5gra.<\/p>\n<p>Byr\u00e5n finns p\u00e5 12 olika marknader med kontor i Sverige, Norge, Danmark, Finland, UK, Tyskland och USA.<\/p>\n<h5>Skapar konvertering genom native advertising<\/h5>\n<p>Det alla kampanjer har gemensamt \u00e4r att det finns en f\u00f6rutbest\u00e4md KPI och en tydlig m\u00e4tbar effekt. N\u00e4r m\u00e5nga akt\u00f6rer anv\u00e4nder native advertising f\u00f6r att st\u00e4rka sitt varum\u00e4rke v\u00e4ljer Nyheter365 ist\u00e4llet att optimera och m\u00e4ta sina nativekampanjer mot konvertering.<\/p>\n<p>F\u00f6r det stora arbetet ligger d\u00e4r \u2013 i den datadrivna optimeringen. Resultatet? L\u00e5ga CPA-niv\u00e5er och positiv ROI. Det \u00e4r den stora anledningen till Nyheter365s breda kundportf\u00f6lj och utn\u00e4mnandet av \u00c5rets Byr\u00e5 2020 av Regi.<\/p>\n<p>En konverteringskampanj tillsammans med Nyheter365 \u00e4r vanligen fyra till sex veckor l\u00e5ng och inneb\u00e4r en medieinvestering om 100 000\u2013150 000 kronor.<\/p>\n<p>I investeringen ing\u00e5r mediek\u00f6p, produktion av b\u00e5de annonser och artiklar, medier\u00e5dgivning, en egen nativesajt (landningssida), veckovisa rapporter med resultat, daglig optimering och uppf\u00f6ljning.<\/p>\n<p>M\u00e5let? L\u00e5ga CPA\u2019er och positiv ROI. (F\u00f6rutsatt att ditt f\u00f6retag inte har andra KPI:er)<\/p>\n<p>Nyheter365 hj\u00e4lper till med b\u00e5de stort som sm\u00e5tt. F\u00f6r m\u00e5nga kunder \u00e4r Nyheter365 always on med konverteringskampanjer, men f\u00f6r m\u00e5nga kunder hj\u00e4lper Nyheter365 endast till vid enstaka kampanjtillf\u00e4llen d\u00e5 extra fokus ligger p\u00e5 konvertering.<\/p>\n<p>Vill du veta mer om hur det \u00e4r att jobba med \u00c5rets Byr\u00e5? Fyll i formul\u00e4ret nedan s\u00e5 kommer en av Nyheter365s kampanjspecialister kontakta dig!<\/p>\n\r\n\t\t<\/div>\r\n\t<\/div>\r\n\r\n\t<div class=\"wpb_text_column wpb_content_element  vc_custom_1588160917985\" >\r\n\t\t<div class=\"wpb_wrapper\">\r\n\t\t\t<h5>Det h\u00e4r h\u00e4nder n\u00e4r du kontaktar Nyheter365<\/h5>\n<ol>\n<li>En av Nyheter365s kampanjspecialister kontaktar dig med f\u00f6rslag p\u00e5 m\u00f6testid inom ett par veckor.<\/li>\n<li>Nyheter365 g\u00f6r sedan en bred behovsanalys f\u00f6r att identifiera era m\u00e5l, utmaningar och KPI:er.<\/li>\n<li>Nyheter365 \u00e5terkommer med ett kostnadsfritt f\u00f6rslag p\u00e5 hur en skr\u00e4ddarsydd kampanj skulle se ut f\u00f6r er. Alla kampanjer har en tydlig m\u00e4tbarhet och KPI \u2013 och optimeras vanligen utefter konverteringar.<\/li>\n<\/ol>\n\r\n\t\t<\/div>\r\n\t<\/div>\r\n\r\n\t<div class=\"wpb_text_column wpb_content_element  vc_custom_1588159034847\" >\r\n\t\t<div class=\"wpb_wrapper\">\r\n\t\t\t<h3>Fyll i dina uppgifter nedan, s\u00e5 blir du kontaktad inom kort!<\/h3>\n<noscript class=\"ninja-forms-noscript-message\">\n\tObservera: JavaScript kr\u00e4vs f\u00f6r detta inneh\u00e5ll.<\/noscript>\nInga f\u00e4lt hittades.<div id=\"nf-form-4-cont\" class=\"nf-form-cont\" aria-live=\"polite\" aria-labelledby=\"nf-form-title-4\" aria-describedby=\"nf-form-errors-4\" role=\"form\">\n\n    <div class=\"nf-loading-spinner\"><\/div>\n\n<\/div>\n        <!-- That data is being printed as a workaround to page builders reordering the order of the scripts loaded-->\n        <script>var formDisplay=1;var nfForms=nfForms||[];var form=[];form.id='4';form.settings={\"ninjaForms\":\"Ninja Forms\",\"changeEmailErrorMsg\":\"Ange en giltig e-postadress!\",\"changeDateErrorMsg\":\"Ange ett giltigt datum!\",\"confirmFieldErrorMsg\":\"Dessa f\\u00e4lt m\\u00e5ste matcha!\",\"fieldNumberNumMinError\":\"Minnummer-fel\",\"fieldNumberNumMaxError\":\"Maxnummer-fel\",\"fieldNumberIncrementBy\":\"\\u00d6ka med \",\"fieldTextareaRTEInsertLink\":\"Infoga l\\u00e4nk\",\"fieldTextareaRTEInsertMedia\":\"Infoga media\",\"fieldTextareaRTESelectAFile\":\"V\\u00e4lj en fil\",\"formErrorsCorrectErrors\":\"R\\u00e4tta till fel innan du skickar in detta formul\\u00e4r.\",\"formHoneypot\":\"Om du \\u00e4r en m\\u00e4nniska som ser detta f\\u00e4lt, l\\u00e4mna det tomt.\",\"validateRequiredField\":\"Detta \\u00e4r ett obligatoriskt f\\u00e4lt.\",\"honeypotHoneypotError\":\"Honeypot-fel\",\"fileUploadOldCodeFileUploadInProgress\":\"Filuppladdning p\\u00e5g\\u00e5r.\",\"fileUploadOldCodeFileUpload\":\"FILUPPLADDNING\",\"currencySymbol\":\"&#36;\",\"fieldsMarkedRequired\":\"F\\u00e4lt markerade med en <span class=\\\"ninja-forms-req-symbol\\\">*<\\\/span> \\u00e4r obligatoriskt\",\"thousands_sep\":\"&nbsp;\",\"decimal_point\":\",\",\"siteLocale\":\"sv_SE\",\"dateFormat\":\"m\\\/d\\\/Y\",\"startOfWeek\":\"1\",\"of\":\"av\",\"previousMonth\":\"F\\u00f6reg\\u00e5ende m\\u00e5nad\",\"nextMonth\":\"N\\u00e4sta m\\u00e5nad\",\"months\":[\"Januari\",\"Februari\",\"Mars\",\"April\",\"Maj\",\"Juni\",\"Juli\",\"Augusti\",\"September\",\"Oktober\",\"November\",\"December\"],\"monthsShort\":[\"Jan\",\"Feb\",\"Mar\",\"Apr\",\"Maj\",\"Jun\",\"Jul\",\"Aug\",\"Sep\",\"Okt\",\"Nov\",\"Dec\"],\"weekdays\":[\"S\\u00f6ndag\",\"M\\u00e5ndag\",\"Tisdag\",\"Onsdag\",\"Torsdag\",\"Fredag\",\"L\\u00f6rdag\"],\"weekdaysShort\":[\"S\\u00f6n\",\"M\\u00e5n\",\"Tis\",\"Ons\",\"Tor\",\"Fre\",\"L\\u00f6r\"],\"weekdaysMin\":[\"S\\u00f6\",\"M\\u00e5\",\"Ti\",\"On\",\"To\",\"Fr\",\"L\\u00f6\"],\"recaptchaConsentMissing\":\"reCaptcha validation couldn&#039;t load.\",\"recaptchaMissingCookie\":\"reCaptcha v3 validation couldn&#039;t load the cookie needed to submit the form.\",\"recaptchaConsentEvent\":\"Accept reCaptcha cookies before sending the form.\",\"embed_form\":\"\",\"currency_symbol\":\"\",\"title\":\"\",\"beforeForm\":\"\",\"beforeFields\":\"\",\"afterFields\":\"\",\"afterForm\":\"\"};form.fields=[];nfForms.push(form);<\/script>\n        \n\r\n\t\t<\/div>\r\n\t<\/div>\r\n\n\t\t\t<\/div> \n\t\t<\/div>\n\t<\/div> \n\n\t<div  class=\"vc_col-sm-2 vc_hidden-xs wpb_column column_container vc_column_container col no-extra-padding\"  data-t-w-inherits=\"default\" data-border-radius=\"none\" data-shadow=\"none\" data-border-animation=\"\" data-border-animation-delay=\"\" data-border-width=\"none\" data-border-style=\"solid\" data-border-color=\"\" data-bg-cover=\"\" data-padding-pos=\"all\" data-has-bg-color=\"false\" data-bg-color=\"\" data-bg-opacity=\"1\" data-hover-bg=\"\" data-hover-bg-opacity=\"1\" data-animation=\"\" data-delay=\"0\"><div class=\"column-bg-overlay\"><\/div>\n\t\t<div class=\"vc_column-inner\">\n\t\t\t<div class=\"wpb_wrapper\">\n\t\t\t\t\n\t\t\t<\/div> \n\t\t<\/div>\n\t<\/div> \n<\/div><\/div>\n","protected":false},"excerpt":{"rendered":"\u00c5rets Byr\u00e5 ser rekordniv\u00e5er p\u00e5 sociala medier \u2013 s\u00e5 f\u00e5r man hj\u00e4lp med konvertering Contentbyr\u00e5n Nyheter365, utsedda till \u00c5rets Byr\u00e5 2020, hj\u00e4lper sina kunder med konvertering och \u00e4r experter p\u00e5...","protected":false},"author":8,"featured_media":7563,"parent":0,"menu_order":21,"comment_status":"closed","ping_status":"closed","template":"","meta":{"inline_featured_image":false,"footnotes":""},"class_list":["post-7518","page","type-page","status-publish","has-post-thumbnail"],"yoast_head":"<!-- This site is optimized with the Yoast SEO Premium plugin v26.5 (Yoast SEO v27.3) - https:\/\/yoast.com\/product\/yoast-seo-premium-wordpress\/ -->\n<title>\u00c5rets Byr\u00e5 ser rekordniv\u00e5er p\u00e5 sociala medier \u2013 s\u00e5 f\u00e5r man hj\u00e4lp med konvertering - N365 Group<\/title>\n<meta name=\"robots\" content=\"index, follow, max-snippet:-1, max-image-preview:large, max-video-preview:-1\" \/>\n<link rel=\"canonical\" href=\"https:\/\/n365group.com\/se\/arets-byra-ser-rekordnivaer-pa-sociala-medier-sa-far-man-hjalp-med-konvertering\/\" \/>\n<meta property=\"og:locale\" content=\"sv_SE\" \/>\n<meta property=\"og:type\" content=\"article\" \/>\n<meta property=\"og:title\" content=\"\u00c5rets Byr\u00e5 ser rekordniv\u00e5er p\u00e5 sociala medier \u2013 s\u00e5 f\u00e5r man hj\u00e4lp med konvertering\" \/>\n<meta property=\"og:url\" content=\"https:\/\/n365group.com\/se\/arets-byra-ser-rekordnivaer-pa-sociala-medier-sa-far-man-hjalp-med-konvertering\/\" \/>\n<meta property=\"og:site_name\" content=\"N365 Group\" \/>\n<meta property=\"article:publisher\" content=\"https:\/\/www.facebook.com\/n365group\/\" \/>\n<meta property=\"article:modified_time\" content=\"2020-04-29T14:33:44+00:00\" \/>\n<meta property=\"og:image\" content=\"https:\/\/n365group.com\/wp-content\/uploads\/2020\/04\/n365_aretsbyra.jpg\" \/>\n\t<meta property=\"og:image:width\" content=\"1024\" \/>\n\t<meta property=\"og:image:height\" content=\"538\" \/>\n\t<meta property=\"og:image:type\" content=\"image\/jpeg\" \/>\n<meta name=\"twitter:card\" content=\"summary_large_image\" \/>\n<script type=\"application\/ld+json\" class=\"yoast-schema-graph\">{\"@context\":\"https:\\\/\\\/schema.org\",\"@graph\":[{\"@type\":\"WebPage\",\"@id\":\"https:\\\/\\\/n365group.com\\\/arets-byra-ser-rekordnivaer-pa-sociala-medier-sa-far-man-hjalp-med-konvertering\\\/\",\"url\":\"https:\\\/\\\/n365group.com\\\/arets-byra-ser-rekordnivaer-pa-sociala-medier-sa-far-man-hjalp-med-konvertering\\\/\",\"name\":\"\u00c5rets Byr\u00e5 ser rekordniv\u00e5er p\u00e5 sociala medier \u2013 s\u00e5 f\u00e5r man hj\u00e4lp med konvertering - N365 Group\",\"isPartOf\":{\"@id\":\"https:\\\/\\\/n365group.com\\\/#website\"},\"primaryImageOfPage\":{\"@id\":\"https:\\\/\\\/n365group.com\\\/arets-byra-ser-rekordnivaer-pa-sociala-medier-sa-far-man-hjalp-med-konvertering\\\/#primaryimage\"},\"image\":{\"@id\":\"https:\\\/\\\/n365group.com\\\/arets-byra-ser-rekordnivaer-pa-sociala-medier-sa-far-man-hjalp-med-konvertering\\\/#primaryimage\"},\"thumbnailUrl\":\"https:\\\/\\\/n365group.com\\\/wp-content\\\/uploads\\\/2020\\\/04\\\/n365_aretsbyra.jpg\",\"datePublished\":\"2020-04-29T11:21:10+00:00\",\"dateModified\":\"2020-04-29T14:33:44+00:00\",\"inLanguage\":\"sv-SE\",\"potentialAction\":[{\"@type\":\"ReadAction\",\"target\":[\"https:\\\/\\\/n365group.com\\\/arets-byra-ser-rekordnivaer-pa-sociala-medier-sa-far-man-hjalp-med-konvertering\\\/\"]}]},{\"@type\":\"ImageObject\",\"inLanguage\":\"sv-SE\",\"@id\":\"https:\\\/\\\/n365group.com\\\/arets-byra-ser-rekordnivaer-pa-sociala-medier-sa-far-man-hjalp-med-konvertering\\\/#primaryimage\",\"url\":\"https:\\\/\\\/n365group.com\\\/wp-content\\\/uploads\\\/2020\\\/04\\\/n365_aretsbyra.jpg\",\"contentUrl\":\"https:\\\/\\\/n365group.com\\\/wp-content\\\/uploads\\\/2020\\\/04\\\/n365_aretsbyra.jpg\",\"width\":1024,\"height\":538},{\"@type\":\"WebSite\",\"@id\":\"https:\\\/\\\/n365group.com\\\/#website\",\"url\":\"https:\\\/\\\/n365group.com\\\/\",\"name\":\"N365 Group\",\"description\":\"\",\"potentialAction\":[{\"@type\":\"SearchAction\",\"target\":{\"@type\":\"EntryPoint\",\"urlTemplate\":\"https:\\\/\\\/n365group.com\\\/?s={search_term_string}\"},\"query-input\":{\"@type\":\"PropertyValueSpecification\",\"valueRequired\":true,\"valueName\":\"search_term_string\"}}],\"inLanguage\":\"sv-SE\"}]}<\/script>\n<!-- \/ Yoast SEO Premium plugin. -->","yoast_head_json":{"title":"\u00c5rets Byr\u00e5 ser rekordniv\u00e5er p\u00e5 sociala medier \u2013 s\u00e5 f\u00e5r man hj\u00e4lp med konvertering - N365 Group","robots":{"index":"index","follow":"follow","max-snippet":"max-snippet:-1","max-image-preview":"max-image-preview:large","max-video-preview":"max-video-preview:-1"},"canonical":"https:\/\/n365group.com\/se\/arets-byra-ser-rekordnivaer-pa-sociala-medier-sa-far-man-hjalp-med-konvertering\/","og_locale":"sv_SE","og_type":"article","og_title":"\u00c5rets Byr\u00e5 ser rekordniv\u00e5er p\u00e5 sociala medier \u2013 s\u00e5 f\u00e5r man hj\u00e4lp med konvertering","og_url":"https:\/\/n365group.com\/se\/arets-byra-ser-rekordnivaer-pa-sociala-medier-sa-far-man-hjalp-med-konvertering\/","og_site_name":"N365 Group","article_publisher":"https:\/\/www.facebook.com\/n365group\/","article_modified_time":"2020-04-29T14:33:44+00:00","og_image":[{"width":1024,"height":538,"url":"https:\/\/n365group.com\/wp-content\/uploads\/2020\/04\/n365_aretsbyra.jpg","type":"image\/jpeg"}],"twitter_card":"summary_large_image","schema":{"@context":"https:\/\/schema.org","@graph":[{"@type":"WebPage","@id":"https:\/\/n365group.com\/arets-byra-ser-rekordnivaer-pa-sociala-medier-sa-far-man-hjalp-med-konvertering\/","url":"https:\/\/n365group.com\/arets-byra-ser-rekordnivaer-pa-sociala-medier-sa-far-man-hjalp-med-konvertering\/","name":"\u00c5rets Byr\u00e5 ser rekordniv\u00e5er p\u00e5 sociala medier \u2013 s\u00e5 f\u00e5r man hj\u00e4lp med konvertering - N365 Group","isPartOf":{"@id":"https:\/\/n365group.com\/#website"},"primaryImageOfPage":{"@id":"https:\/\/n365group.com\/arets-byra-ser-rekordnivaer-pa-sociala-medier-sa-far-man-hjalp-med-konvertering\/#primaryimage"},"image":{"@id":"https:\/\/n365group.com\/arets-byra-ser-rekordnivaer-pa-sociala-medier-sa-far-man-hjalp-med-konvertering\/#primaryimage"},"thumbnailUrl":"https:\/\/n365group.com\/wp-content\/uploads\/2020\/04\/n365_aretsbyra.jpg","datePublished":"2020-04-29T11:21:10+00:00","dateModified":"2020-04-29T14:33:44+00:00","inLanguage":"sv-SE","potentialAction":[{"@type":"ReadAction","target":["https:\/\/n365group.com\/arets-byra-ser-rekordnivaer-pa-sociala-medier-sa-far-man-hjalp-med-konvertering\/"]}]},{"@type":"ImageObject","inLanguage":"sv-SE","@id":"https:\/\/n365group.com\/arets-byra-ser-rekordnivaer-pa-sociala-medier-sa-far-man-hjalp-med-konvertering\/#primaryimage","url":"https:\/\/n365group.com\/wp-content\/uploads\/2020\/04\/n365_aretsbyra.jpg","contentUrl":"https:\/\/n365group.com\/wp-content\/uploads\/2020\/04\/n365_aretsbyra.jpg","width":1024,"height":538},{"@type":"WebSite","@id":"https:\/\/n365group.com\/#website","url":"https:\/\/n365group.com\/","name":"N365","description":"","potentialAction":[{"@type":"SearchAction","target":{"@type":"EntryPoint","urlTemplate":"https:\/\/n365group.com\/?s={search_term_string}"},"query-input":{"@type":"PropertyValueSpecification","valueRequired":true,"valueName":"search_term_string"}}],"inLanguage":"sv-SE"}]}},"_links":{"self":[{"href":"https:\/\/n365group.com\/se\/wp-json\/wp\/v2\/pages\/7518","targetHints":{"allow":["GET"]}}],"collection":[{"href":"https:\/\/n365group.com\/se\/wp-json\/wp\/v2\/pages"}],"about":[{"href":"https:\/\/n365group.com\/se\/wp-json\/wp\/v2\/types\/page"}],"author":[{"embeddable":true,"href":"https:\/\/n365group.com\/se\/wp-json\/wp\/v2\/users\/8"}],"replies":[{"embeddable":true,"href":"https:\/\/n365group.com\/se\/wp-json\/wp\/v2\/comments?post=7518"}],"version-history":[{"count":30,"href":"https:\/\/n365group.com\/se\/wp-json\/wp\/v2\/pages\/7518\/revisions"}],"predecessor-version":[{"id":7564,"href":"https:\/\/n365group.com\/se\/wp-json\/wp\/v2\/pages\/7518\/revisions\/7564"}],"wp:featuredmedia":[{"embeddable":true,"href":"https:\/\/n365group.com\/se\/wp-json\/wp\/v2\/media\/7563"}],"wp:attachment":[{"href":"https:\/\/n365group.com\/se\/wp-json\/wp\/v2\/media?parent=7518"}],"curies":[{"name":"wp","href":"https:\/\/api.w.org\/{rel}","templated":true}]}}